{"id":101862,"date":"2017-07-17T18:14:33","date_gmt":"2017-07-17T16:14:33","guid":{"rendered":"http:\/\/www.24gliwice.pl\/wiadomosci\/?page_id=101862"},"modified":"2024-08-25T11:14:05","modified_gmt":"2024-08-25T09:14:05","slug":"zasady-publikowania-komentarzy-do-artykulow-na-portalu-24gliwice-pl","status":"publish","type":"page","link":"https:\/\/www.24gliwice.pl\/wiadomosci\/zasady-publikowania-komentarzy-do-artykulow-na-portalu-24gliwice-pl\/","title":{"rendered":"Zasady publikowania komentarzy do artyku\u0142\u00f3w na portalu 24gliwice.pl"},"content":{"rendered":"<div class=\"gliwi-a6-nad-leadem-artykulow gliwi-entity-placement\" id=\"gliwi-2702302703\"><div id=\"gliwi-3946597035\" style=\"margin-bottom: 30px;margin-left: auto;margin-right: auto;text-align: center;\"><a data-no-instant=\"1\" href=\"https:\/\/przedszkole.halogen.org.pl\/\" rel=\"noopener\" class=\"a2t-link\" target=\"_blank\" aria-label=\"20260402-ANIMATOR-przedszkole_grafika_750x200\"><img loading=\"lazy\" decoding=\"async\" src=\"https:\/\/www.24gliwice.pl\/wiadomosci\/wp-content\/uploads\/2026\/04\/20260402-ANIMATOR-przedszkole_grafika_750x200.webp\" alt=\"\"  srcset=\"https:\/\/www.24gliwice.pl\/wiadomosci\/wp-content\/uploads\/2026\/04\/20260402-ANIMATOR-przedszkole_grafika_750x200.webp 750w, https:\/\/www.24gliwice.pl\/wiadomosci\/wp-content\/uploads\/2026\/04\/20260402-ANIMATOR-przedszkole_grafika_750x200-410x109.webp 410w\" sizes=\"(max-width: 750px) 100vw, 750px\" class=\"no-lazyload\" width=\"750\" height=\"200\"  style=\"display: inline-block; max-width: 100%; height: auto;\" \/><\/a><\/div><\/div><p><strong>1.<\/strong> Komentarze do artyku\u0142\u00f3w publikowanych w dziale WIADOMO\u015aCI portalu 24gliwice.pl dodawane przez Czytelnik\u00f3w s\u0105 wy\u0142\u0105cznie ich opiniami, za kt\u00f3re redakcja nie ponosi odpowiedzialno\u015bci.<\/p>\n<p><strong>2.<\/strong> Komentarze publikowane s\u0105 automatycznie, w wyj\u0105tkiem post\u00f3w, a kt\u00f3rych mowa w punkcie 2\/a.<\/p><div class=\"gliwi-a3-w-tresci-artykulow gliwi-entity-placement\" id=\"gliwi-2093330329\"><div id=\"gliwi-3131784843\" style=\"margin-bottom: 30px;margin-left: auto;margin-right: auto;text-align: center;\"><a data-no-instant=\"1\" href=\"https:\/\/ogrodyandersa.pl\/\" rel=\"noopener\" class=\"a2t-link\" target=\"_blank\" aria-label=\"20260415 Ogrody Andersa KUP TERAZ D\"><img loading=\"lazy\" decoding=\"async\" src=\"https:\/\/www.24gliwice.pl\/wiadomosci\/wp-content\/uploads\/2026\/04\/20260415-Ogrody-Andersa-KUP-TERAZ-D.jpg\" alt=\"\"  srcset=\"https:\/\/www.24gliwice.pl\/wiadomosci\/wp-content\/uploads\/2026\/04\/20260415-Ogrody-Andersa-KUP-TERAZ-D.jpg 750w, https:\/\/www.24gliwice.pl\/wiadomosci\/wp-content\/uploads\/2026\/04\/20260415-Ogrody-Andersa-KUP-TERAZ-D-410x109.jpg 410w\" sizes=\"(max-width: 750px) 100vw, 750px\" class=\"no-lazyload\" width=\"750\" height=\"200\"  style=\"display: inline-block; max-width: 100%; height: auto;\" \/><\/a><\/div><\/div>\n<p style=\"padding-left: 60px;\">a). Moderacji podlegaj\u0105 komentarze:<br \/>\n&#8211; zawieraj\u0105ce aktywny link,<br \/>\n&#8211; zawieraj\u0105ce s\u0142owo lub cz\u0119\u015b\u0107 s\u0142owa uznanego przez automatyczny filtr za niew\u0142a\u015bciwe (np. wulgaryzmy),<br \/>\n&#8211; dodane z adresu, z kt\u00f3rego wcze\u015bniej umieszczano komentarze naruszaj\u0105ce niniejszy regulamin.<\/p>\n<p style=\"padding-left: 60px;\">b). Czas oczekiwania na sprawdzenie komentarza jest zale\u017cny od pory dnia, przewa\u017cnie waha si\u0119 od kilku minut do nawet kilkunastu godzin.<\/p>\n<p><strong>3.<\/strong> Moderator mo\u017ce nie zatwierdzi\u0107 komentarzy do publikacji, usun\u0105\u0107 w ca\u0142o\u015bci lub zast\u0105pi\u0107 informacj\u0105 o usuni\u0119ciu w przypadku, gdy zawieraj\u0105 one tre\u015bci:<\/p>\n<p style=\"padding-left: 60px;\">a). wulgarne, obra\u017aliwe &#8211; szczeg\u00f3lnie w stosunku do innych, konkretnych uczestnik\u00f3w dyskusji oraz os\u00f3b prywatnych.<br \/>\nb). naruszaj\u0105ce obowi\u0105zuj\u0105ce w Polsce prawo oraz powszechnie akceptowane normy obyczajowe.<br \/>\nc). o charakterze rasistowskim oraz wymierzonym w mniejszo\u015bci.<br \/>\nd). o \u0142\u0105cznej d\u0142ugo\u015bci wi\u0119kszej ni\u017c 3000 znak\u00f3w (w jednym lub kilku nast\u0119puj\u0105cych po sobie cz\u0119\u015bciach komentarza) oraz takie, kt\u00f3rych forma stanowi utrudnienie w poprawno\u015bci dzia\u0142ania portalu.<br \/>\ne). zawieraj\u0105ce wi\u0119cej ni\u017c 2 odno\u015bniki do innych stron, w jednym lub kilku nast\u0119puj\u0105cych bezpo\u015brednio po sobie komentarzach tego samego u\u017cytkownika.<br \/>\nf). zawieraj\u0105ce reklamy, w tym reklamy innych stron.<br \/>\ng). niezwi\u0105zane z tematem komentowanego artyku\u0142u.<br \/>\nh). o powtarzaj\u0105cej si\u0119 tre\u015bci.<br \/>\ni). wymierzone w redakcj\u0119, wydawc\u0119 portalu, zawieraj\u0105ce ataki personalne pod adresem pracownik\u00f3w wydawcy.<br \/>\nj). obra\u017aliwe r\u00f3wnie\u017c w stosunku do os\u00f3b publicznych, w szczeg\u00f3lno\u015bci, gdy tre\u015b\u0107 komentarza odnosi si\u0119 do wygl\u0105du, rodziny, sfery prywatnej lub ma charakter rasistowski.<\/p>\n<p><strong>4.<\/strong> Komentarze nie mog\u0105 by\u0107 podpisywane w spos\u00f3b obra\u017aliwy, z u\u017cyciem wulgaryzm\u00f3w, podpis nie mo\u017ce by\u0107 d\u0142u\u017cszy ni\u017c 20 znak\u00f3w. Bezwzgl\u0119dnie zakazuje si\u0119 u\u017cywania podpisu, kt\u00f3ry m\u00f3g\u0142by wprowadza\u0107 w b\u0142\u0105d co do personali\u00f3w osoby komentuj\u0105cej.<\/p>\n<p><strong>5.<\/strong> W ka\u017cdym z przypadk\u00f3w wymienionych w punkcie 3, moderator mo\u017ce r\u00f3wnie\u017c zast\u0105pi\u0107 fragment komentarza naruszaj\u0105cego regulamin symbolami (****), mo\u017ce te\u017c dokona\u0107 edycji technicznej, kt\u00f3ra nie zmienia sensu komentarza.<\/p>\n<p><strong>6.<\/strong> W przypadku uporczywego naruszania w\/w zasad, moderator ma prawo do na\u0142o\u017cenia sta\u0142ej blokady dodawania komentarzy przez u\u017cytkownika.<\/p>\n<p><strong>7.<\/strong> W przypadku naruszenia d\u00f3br osobistych lub innych zastrze\u017ce\u0144 dotycz\u0105cych komentarza, nale\u017cy zg\u0142asza\u0107 uwagi korzystaj\u0105c z formularza w dziale KONTAKT ze wskazaniem miejsca oraz tre\u015bci zg\u0142aszanego do moderacji komentarza.<\/p>\n<p><strong>8.<\/strong> Komentarze Czytelnik\u00f3w pozostaj\u0105 widoczne przez oko\u0142o 1 roku od momentu publikacji. Po up\u0142ywie tego czasu s\u0105 automatycznie usuwane.<\/p>\n<div class=\"gliwi-a5-na-koncu-artykulow gliwi-entity-placement\" id=\"gliwi-3336264045\"><div id=\"gliwi-95835143\" style=\"margin-left: auto;margin-right: auto;text-align: center;\"><a data-no-instant=\"1\" href=\"https:\/\/www.jasek.pl\/\" rel=\"noopener\" class=\"a2t-link\" target=\"_blank\" aria-label=\"20200401-jasek 600\"><img loading=\"lazy\" decoding=\"async\" src=\"https:\/\/www.24gliwice.pl\/wiadomosci\/wp-content\/uploads\/2020\/04\/20200401-jasek-600.jpg\" alt=\"\"  srcset=\"https:\/\/www.24gliwice.pl\/wiadomosci\/wp-content\/uploads\/2020\/04\/20200401-jasek-600.jpg 600w, https:\/\/www.24gliwice.pl\/wiadomosci\/wp-content\/uploads\/2020\/04\/20200401-jasek-600-410x109.jpg 410w\" sizes=\"(max-width: 600px) 100vw, 600px\" class=\"no-lazyload\" width=\"600\" height=\"160\"  style=\"display: inline-block; max-width: 100%; height: auto;\" \/><\/a><\/div><\/div>","protected":false},"excerpt":{"rendered":"<p>1. Komentarze do artyku\u0142\u00f3w publikowanych w dziale WIADOMO\u015aCI portalu 24gliwice.pl dodawane przez Czytelnik\u00f3w s\u0105 wy\u0142\u0105cznie ich opiniami, za kt\u00f3re redakcja nie ponosi odpowiedzialno\u015bci. 2. Komentarze publikowane s\u0105 automatycznie, w wyj\u0105tkiem post\u00f3w, a kt\u00f3rych mowa w punkcie 2\/a. a). Moderacji podlegaj\u0105 komentarze: &#8211; zawieraj\u0105ce aktywny link, &#8211; zawieraj\u0105ce s\u0142owo lub cz\u0119\u015b\u0107 s\u0142owa uznanego przez automatyczny filtr [&hellip;]<\/p>\n","protected":false},"author":4,"featured_media":0,"parent":0,"menu_order":0,"comment_status":"closed","ping_status":"closed","template":"","meta":{"_monsterinsights_skip_tracking":false,"_monsterinsights_sitenote_active":false,"_monsterinsights_sitenote_note":"","_monsterinsights_sitenote_category":0,"footnotes":"","_links_to":"","_links_to_target":""},"class_list":["post-101862","page","type-page","status-publish","hentry"],"yoast_head":"<!-- This site is optimized with the Yoast SEO plugin v27.6 - https:\/\/yoast.com\/product\/yoast-seo-wordpress\/ -->\n<title>Zasady publikowania komentarzy do artyku\u0142\u00f3w na portalu 24gliwice.pl - 24GLIWICE - Portal Gliwice | codziennie nowe informacje<\/title>\n<meta name=\"robots\" content=\"index, follow, max-snippet:-1, max-image-preview:large, max-video-preview:-1\" \/>\n<link rel=\"canonical\" href=\"https:\/\/www.24gliwice.pl\/wiadomosci\/zasady-publikowania-komentarzy-do-artykulow-na-portalu-24gliwice-pl\/\" \/>\n<meta property=\"og:locale\" content=\"pl_PL\" \/>\n<meta property=\"og:type\" content=\"article\" \/>\n<meta property=\"og:title\" content=\"Zasady publikowania komentarzy do artyku\u0142\u00f3w na portalu 24gliwice.pl - 24GLIWICE - Portal Gliwice | codziennie nowe informacje\" \/>\n<meta property=\"og:description\" content=\"1. Komentarze do artyku\u0142\u00f3w publikowanych w dziale WIADOMO\u015aCI portalu 24gliwice.pl dodawane przez Czytelnik\u00f3w s\u0105 wy\u0142\u0105cznie ich opiniami, za kt\u00f3re redakcja nie ponosi odpowiedzialno\u015bci. 2. Komentarze publikowane s\u0105 automatycznie, w wyj\u0105tkiem post\u00f3w, a kt\u00f3rych mowa w punkcie 2\/a. a). Moderacji podlegaj\u0105 komentarze: &#8211; zawieraj\u0105ce aktywny link, &#8211; zawieraj\u0105ce s\u0142owo lub cz\u0119\u015b\u0107 s\u0142owa uznanego przez automatyczny filtr [&hellip;]\" \/>\n<meta property=\"og:url\" content=\"https:\/\/www.24gliwice.pl\/wiadomosci\/zasady-publikowania-komentarzy-do-artykulow-na-portalu-24gliwice-pl\/\" \/>\n<meta property=\"og:site_name\" content=\"24GLIWICE - Portal Gliwice | codziennie nowe informacje\" \/>\n<meta property=\"article:publisher\" content=\"https:\/\/www.facebook.com\/24gliwice\" \/>\n<meta property=\"article:modified_time\" content=\"2024-08-25T09:14:05+00:00\" \/>\n<meta name=\"twitter:card\" content=\"summary_large_image\" \/>\n<meta name=\"twitter:site\" content=\"@24gliwice\" \/>\n<meta name=\"twitter:label1\" content=\"Szacowany czas czytania\" \/>\n\t<meta name=\"twitter:data1\" content=\"3 minuty\" \/>\n<script type=\"application\/ld+json\" class=\"yoast-schema-graph\">{\"@context\":\"https:\\\/\\\/schema.org\",\"@graph\":[{\"@type\":\"WebPage\",\"@id\":\"https:\\\/\\\/www.24gliwice.pl\\\/wiadomosci\\\/zasady-publikowania-komentarzy-do-artykulow-na-portalu-24gliwice-pl\\\/\",\"url\":\"https:\\\/\\\/www.24gliwice.pl\\\/wiadomosci\\\/zasady-publikowania-komentarzy-do-artykulow-na-portalu-24gliwice-pl\\\/\",\"name\":\"Zasady publikowania komentarzy do artyku\u0142\u00f3w na portalu 24gliwice.pl - 24GLIWICE - Portal Gliwice | codziennie nowe informacje\",\"isPartOf\":{\"@id\":\"https:\\\/\\\/www.24gliwice.pl\\\/wiadomosci\\\/#website\"},\"datePublished\":\"2017-07-17T16:14:33+00:00\",\"dateModified\":\"2024-08-25T09:14:05+00:00\",\"breadcrumb\":{\"@id\":\"https:\\\/\\\/www.24gliwice.pl\\\/wiadomosci\\\/zasady-publikowania-komentarzy-do-artykulow-na-portalu-24gliwice-pl\\\/#breadcrumb\"},\"inLanguage\":\"pl-PL\",\"potentialAction\":[{\"@type\":\"ReadAction\",\"target\":[\"https:\\\/\\\/www.24gliwice.pl\\\/wiadomosci\\\/zasady-publikowania-komentarzy-do-artykulow-na-portalu-24gliwice-pl\\\/\"]}]},{\"@type\":\"BreadcrumbList\",\"@id\":\"https:\\\/\\\/www.24gliwice.pl\\\/wiadomosci\\\/zasady-publikowania-komentarzy-do-artykulow-na-portalu-24gliwice-pl\\\/#breadcrumb\",\"itemListElement\":[{\"@type\":\"ListItem\",\"position\":1,\"name\":\"Strona g\u0142\u00f3wna\",\"item\":\"https:\\\/\\\/www.24gliwice.pl\\\/wiadomosci\\\/\"},{\"@type\":\"ListItem\",\"position\":2,\"name\":\"Zasady publikowania komentarzy do artyku\u0142\u00f3w na portalu 24gliwice.pl\"}]},{\"@type\":\"WebSite\",\"@id\":\"https:\\\/\\\/www.24gliwice.pl\\\/wiadomosci\\\/#website\",\"url\":\"https:\\\/\\\/www.24gliwice.pl\\\/wiadomosci\\\/\",\"name\":\"24GLIWICE - Portal Gliwice | codziennie nowe wiadomo\u015bci\",\"description\":\"Portal Miejski Gliwice\",\"publisher\":{\"@id\":\"https:\\\/\\\/www.24gliwice.pl\\\/wiadomosci\\\/#organization\"},\"potentialAction\":[{\"@type\":\"SearchAction\",\"target\":{\"@type\":\"EntryPoint\",\"urlTemplate\":\"https:\\\/\\\/www.24gliwice.pl\\\/wiadomosci\\\/?s={search_term_string}\"},\"query-input\":{\"@type\":\"PropertyValueSpecification\",\"valueRequired\":true,\"valueName\":\"search_term_string\"}}],\"inLanguage\":\"pl-PL\"},{\"@type\":\"Organization\",\"@id\":\"https:\\\/\\\/www.24gliwice.pl\\\/wiadomosci\\\/#organization\",\"name\":\"24gliwice\",\"url\":\"https:\\\/\\\/www.24gliwice.pl\\\/wiadomosci\\\/\",\"logo\":{\"@type\":\"ImageObject\",\"inLanguage\":\"pl-PL\",\"@id\":\"https:\\\/\\\/www.24gliwice.pl\\\/wiadomosci\\\/#\\\/schema\\\/logo\\\/image\\\/\",\"url\":\"https:\\\/\\\/www.24gliwice.pl\\\/wiadomosci\\\/wp-content\\\/uploads\\\/2024\\\/10\\\/24gliwice-logo-696.jpg\",\"contentUrl\":\"https:\\\/\\\/www.24gliwice.pl\\\/wiadomosci\\\/wp-content\\\/uploads\\\/2024\\\/10\\\/24gliwice-logo-696.jpg\",\"width\":696,\"height\":696,\"caption\":\"24gliwice\"},\"image\":{\"@id\":\"https:\\\/\\\/www.24gliwice.pl\\\/wiadomosci\\\/#\\\/schema\\\/logo\\\/image\\\/\"},\"sameAs\":[\"https:\\\/\\\/www.facebook.com\\\/24gliwice\",\"https:\\\/\\\/x.com\\\/24gliwice\",\"https:\\\/\\\/www.youtube.com\\\/@24gliwice\"]}]}<\/script>\n<!-- \/ Yoast SEO plugin. -->","yoast_head_json":{"title":"Zasady publikowania komentarzy do artyku\u0142\u00f3w na portalu 24gliwice.pl - 24GLIWICE - Portal Gliwice | codziennie nowe informacje","robots":{"index":"index","follow":"follow","max-snippet":"max-snippet:-1","max-image-preview":"max-image-preview:large","max-video-preview":"max-video-preview:-1"},"canonical":"https:\/\/www.24gliwice.pl\/wiadomosci\/zasady-publikowania-komentarzy-do-artykulow-na-portalu-24gliwice-pl\/","og_locale":"pl_PL","og_type":"article","og_title":"Zasady publikowania komentarzy do artyku\u0142\u00f3w na portalu 24gliwice.pl - 24GLIWICE - Portal Gliwice | codziennie nowe informacje","og_description":"1. Komentarze do artyku\u0142\u00f3w publikowanych w dziale WIADOMO\u015aCI portalu 24gliwice.pl dodawane przez Czytelnik\u00f3w s\u0105 wy\u0142\u0105cznie ich opiniami, za kt\u00f3re redakcja nie ponosi odpowiedzialno\u015bci. 2. Komentarze publikowane s\u0105 automatycznie, w wyj\u0105tkiem post\u00f3w, a kt\u00f3rych mowa w punkcie 2\/a. a). Moderacji podlegaj\u0105 komentarze: &#8211; zawieraj\u0105ce aktywny link, &#8211; zawieraj\u0105ce s\u0142owo lub cz\u0119\u015b\u0107 s\u0142owa uznanego przez automatyczny filtr [&hellip;]","og_url":"https:\/\/www.24gliwice.pl\/wiadomosci\/zasady-publikowania-komentarzy-do-artykulow-na-portalu-24gliwice-pl\/","og_site_name":"24GLIWICE - Portal Gliwice | codziennie nowe informacje","article_publisher":"https:\/\/www.facebook.com\/24gliwice","article_modified_time":"2024-08-25T09:14:05+00:00","twitter_card":"summary_large_image","twitter_site":"@24gliwice","twitter_misc":{"Szacowany czas czytania":"3 minuty"},"schema":{"@context":"https:\/\/schema.org","@graph":[{"@type":"WebPage","@id":"https:\/\/www.24gliwice.pl\/wiadomosci\/zasady-publikowania-komentarzy-do-artykulow-na-portalu-24gliwice-pl\/","url":"https:\/\/www.24gliwice.pl\/wiadomosci\/zasady-publikowania-komentarzy-do-artykulow-na-portalu-24gliwice-pl\/","name":"Zasady publikowania komentarzy do artyku\u0142\u00f3w na portalu 24gliwice.pl - 24GLIWICE - Portal Gliwice | codziennie nowe informacje","isPartOf":{"@id":"https:\/\/www.24gliwice.pl\/wiadomosci\/#website"},"datePublished":"2017-07-17T16:14:33+00:00","dateModified":"2024-08-25T09:14:05+00:00","breadcrumb":{"@id":"https:\/\/www.24gliwice.pl\/wiadomosci\/zasady-publikowania-komentarzy-do-artykulow-na-portalu-24gliwice-pl\/#breadcrumb"},"inLanguage":"pl-PL","potentialAction":[{"@type":"ReadAction","target":["https:\/\/www.24gliwice.pl\/wiadomosci\/zasady-publikowania-komentarzy-do-artykulow-na-portalu-24gliwice-pl\/"]}]},{"@type":"BreadcrumbList","@id":"https:\/\/www.24gliwice.pl\/wiadomosci\/zasady-publikowania-komentarzy-do-artykulow-na-portalu-24gliwice-pl\/#breadcrumb","itemListElement":[{"@type":"ListItem","position":1,"name":"Strona g\u0142\u00f3wna","item":"https:\/\/www.24gliwice.pl\/wiadomosci\/"},{"@type":"ListItem","position":2,"name":"Zasady publikowania komentarzy do artyku\u0142\u00f3w na portalu 24gliwice.pl"}]},{"@type":"WebSite","@id":"https:\/\/www.24gliwice.pl\/wiadomosci\/#website","url":"https:\/\/www.24gliwice.pl\/wiadomosci\/","name":"24GLIWICE - Portal Gliwice | codziennie nowe wiadomo\u015bci","description":"Portal Miejski Gliwice","publisher":{"@id":"https:\/\/www.24gliwice.pl\/wiadomosci\/#organization"},"potentialAction":[{"@type":"SearchAction","target":{"@type":"EntryPoint","urlTemplate":"https:\/\/www.24gliwice.pl\/wiadomosci\/?s={search_term_string}"},"query-input":{"@type":"PropertyValueSpecification","valueRequired":true,"valueName":"search_term_string"}}],"inLanguage":"pl-PL"},{"@type":"Organization","@id":"https:\/\/www.24gliwice.pl\/wiadomosci\/#organization","name":"24gliwice","url":"https:\/\/www.24gliwice.pl\/wiadomosci\/","logo":{"@type":"ImageObject","inLanguage":"pl-PL","@id":"https:\/\/www.24gliwice.pl\/wiadomosci\/#\/schema\/logo\/image\/","url":"https:\/\/www.24gliwice.pl\/wiadomosci\/wp-content\/uploads\/2024\/10\/24gliwice-logo-696.jpg","contentUrl":"https:\/\/www.24gliwice.pl\/wiadomosci\/wp-content\/uploads\/2024\/10\/24gliwice-logo-696.jpg","width":696,"height":696,"caption":"24gliwice"},"image":{"@id":"https:\/\/www.24gliwice.pl\/wiadomosci\/#\/schema\/logo\/image\/"},"sameAs":["https:\/\/www.facebook.com\/24gliwice","https:\/\/x.com\/24gliwice","https:\/\/www.youtube.com\/@24gliwice"]}]}},"_links":{"self":[{"href":"https:\/\/www.24gliwice.pl\/wiadomosci\/wp-json\/wp\/v2\/pages\/101862","targetHints":{"allow":["GET"]}}],"collection":[{"href":"https:\/\/www.24gliwice.pl\/wiadomosci\/wp-json\/wp\/v2\/pages"}],"about":[{"href":"https:\/\/www.24gliwice.pl\/wiadomosci\/wp-json\/wp\/v2\/types\/page"}],"author":[{"embeddable":true,"href":"https:\/\/www.24gliwice.pl\/wiadomosci\/wp-json\/wp\/v2\/users\/4"}],"replies":[{"embeddable":true,"href":"https:\/\/www.24gliwice.pl\/wiadomosci\/wp-json\/wp\/v2\/comments?post=101862"}],"version-history":[{"count":0,"href":"https:\/\/www.24gliwice.pl\/wiadomosci\/wp-json\/wp\/v2\/pages\/101862\/revisions"}],"wp:attachment":[{"href":"https:\/\/www.24gliwice.pl\/wiadomosci\/wp-json\/wp\/v2\/media?parent=101862"}],"curies":[{"name":"wp","href":"https:\/\/api.w.org\/{rel}","templated":true}]}}