{"id":140270,"date":"2019-09-09T18:07:14","date_gmt":"2019-09-09T16:07:14","guid":{"rendered":"https:\/\/www.24gliwice.pl\/wiadomosci\/?page_id=140270"},"modified":"2019-09-25T11:23:14","modified_gmt":"2019-09-25T09:23:14","slug":"reklama-wyborcza-gliwice-2019","status":"publish","type":"page","link":"https:\/\/www.24gliwice.pl\/wiadomosci\/reklama-wyborcza-gliwice-2019\/","title":{"rendered":"Wybory parlamentarne 2019. Reklama w Gliwicach"},"content":{"rendered":"<div class=\"gliwi-a6-nad-leadem-artykulow gliwi-entity-placement\" id=\"gliwi-2592093753\"><div id=\"gliwi-51324424\" style=\"margin-top: 5px;margin-bottom: 25px;margin-left: auto;margin-right: auto;text-align: center;\"><a data-no-instant=\"1\" href=\"https:\/\/przedszkole.halogen.org.pl\/\" rel=\"noopener\" class=\"a2t-link\" target=\"_blank\" aria-label=\"20260402-ANIMATOR-przedszkole_grafika_750x200\"><img loading=\"lazy\" decoding=\"async\" src=\"https:\/\/www.24gliwice.pl\/wiadomosci\/wp-content\/uploads\/2026\/04\/20260402-ANIMATOR-przedszkole_grafika_750x200.webp\" alt=\"\"  srcset=\"https:\/\/www.24gliwice.pl\/wiadomosci\/wp-content\/uploads\/2026\/04\/20260402-ANIMATOR-przedszkole_grafika_750x200.webp 750w, https:\/\/www.24gliwice.pl\/wiadomosci\/wp-content\/uploads\/2026\/04\/20260402-ANIMATOR-przedszkole_grafika_750x200-410x109.webp 410w\" sizes=\"(max-width: 750px) 100vw, 750px\" class=\"no-lazyload\" width=\"750\" height=\"200\"  style=\"display: inline-block; max-width: 100%; height: auto;\" \/><\/a><\/div><\/div><a class=\"mks_button mks_button_small squared\" href=\"\/wiadomosci\/kontakt\" target=\"_self\" style=\"color: #FFFFFF; background-color: #6d6d6d;\" ><i class=\"fa fa-envelope-o\"><\/i>Kontakt<\/a><a class=\"mks_button mks_button_small squared\" href=\"\/wiadomosci\/onas\" target=\"_self\" style=\"color: #FFFFFF; background-color: #6d6d6d;\" ><i class=\"fa fa-list-alt\"><\/i>O nas<\/a><a class=\"mks_button mks_button_small squared\" href=\"\/wiadomosci\/reklama\" target=\"_self\" style=\"color: #FFFFFF; background-color: #dd0000;\" ><i class=\"fa fa-signal\"><\/i>Reklama<\/a><a class=\"mks_button mks_button_small squared\" href=\"\/wiadomosci\/teksty-sponsorowane\/\" target=\"_self\" style=\"color: #FFFFFF; background-color: #dd0000;\" ><i class=\"fa fa-pencil\"><\/i>Publikacje p\u0142atne<\/a><a class=\"mks_button mks_button_small squared\" href=\"\/wiadomosci\/patronaty\" target=\"_self\" style=\"color: #FFFFFF; background-color: #424242;\" ><i class=\"fa fa-rss\"><\/i>Patronaty<\/a>\n<hr \/>\n<h4>Gazeta Miejska Gliwice oraz portal 24GLIWICE.pl daj\u0105 szerok\u0105 mo\u017cliwo\u015b\u0107 dotarcia do wyborc\u00f3w w okresie kampanii wyborczej. Przygotowali\u015bmy propozycj\u0119 \u0142\u0105czonej oferty, uwzgl\u0119dniaj\u0105cej ekspozycje na tradycyjnym, papierowym no\u015bniku w lokalnej gazecie oraz na \u0142amach najwi\u0119kszego portalu w Gliwicach, odnotowuj\u0105cego ponad 0,5 miliona ods\u0142on miesi\u0119cznie.<\/h4>\n<p>Proponujemy trzy podstawowe pakiety, dopasowane do zakresu kampanii, uwzgl\u0119dniaj\u0105ce wysokie rabaty z tytu\u0142u wykorzystania obydwu medi\u00f3w.<\/p>\n<p><img loading=\"lazy\" decoding=\"async\" src=\"https:\/\/www.24gliwice.pl\/wiadomosci\/wp-content\/uploads\/2019\/09\/gazeta-miejska-24-gliwice.jpg\" alt=\"\" width=\"810\" height=\"129\" class=\"aligncenter size-full wp-image-140282\" srcset=\"https:\/\/www.24gliwice.pl\/wiadomosci\/wp-content\/uploads\/2019\/09\/gazeta-miejska-24-gliwice.jpg 810w, https:\/\/www.24gliwice.pl\/wiadomosci\/wp-content\/uploads\/2019\/09\/gazeta-miejska-24-gliwice-410x65.jpg 410w, https:\/\/www.24gliwice.pl\/wiadomosci\/wp-content\/uploads\/2019\/09\/gazeta-miejska-24-gliwice-768x122.jpg 768w\" sizes=\"auto, (max-width: 810px) 100vw, 810px\" \/><\/p>\n<h4><span style=\"display: inline-block; border: 1px solid #bd0000; border-radius: 0px; padding: 9px 16px; margin: 0px 2px;\">Pakiet MINI<\/span><\/h4>\n<p><strong>GAZETA MIEJSKA Gliwice<\/strong><br \/>\nreklama 1\/4 strony (128&#215;164 mm)<\/p><div class=\"gliwi-a3-w-tresci-artykulow gliwi-entity-placement\" style=\"text-align: center;\" id=\"gliwi-1403911306\"><div id=\"gliwi-3506437982\" style=\"margin-top: 40px;margin-bottom: 40px;margin-left: auto;margin-right: auto;text-align: center;\"><a data-no-instant=\"1\" href=\"https:\/\/ogrodyandersa.pl\/\" rel=\"noopener\" class=\"a2t-link\" target=\"_blank\" aria-label=\"ATAL_desktop-750X200\"><img loading=\"lazy\" decoding=\"async\" src=\"https:\/\/www.24gliwice.pl\/wiadomosci\/wp-content\/uploads\/2026\/02\/ATAL_desktop-750X200.webp\" alt=\"\"  srcset=\"https:\/\/www.24gliwice.pl\/wiadomosci\/wp-content\/uploads\/2026\/02\/ATAL_desktop-750X200.webp 751w, https:\/\/www.24gliwice.pl\/wiadomosci\/wp-content\/uploads\/2026\/02\/ATAL_desktop-750X200-410x110.webp 410w\" sizes=\"(max-width: 751px) 100vw, 751px\" class=\"no-lazyload\" width=\"750\" height=\"200\"  style=\"display: inline-block; max-width: 100%; height: auto;\" \/><\/a><\/div><\/div>\n<p><strong>portal 24GLIWICE.pl<\/strong><br \/>\nbaner reklamowy, do wyboru <a href=\"https:\/\/www.24gliwice.pl\/wiadomosci\/reklama\/\" rel=\"noopener noreferrer\" target=\"_blank\">w strefach A2, A3, A9, B1<\/a>, w rotacji 50% (\u015brednio co drugie wy\u015bwietlenie).<\/p>\n<h4>Koszt pakietu MINI (bez VAT): <\/h4>\n<p>1 tydzie\u0144: 650,00<br \/>\n2 tygodnie 1100,00<\/p>\n<hr>\n<p>&nbsp;<\/p>\n<h4><span style=\"display: inline-block; border: 1px solid #bd0000; border-radius: 0px; padding: 9px 16px; margin: 0px 2px;\">Pakiet \u015aREDNI<\/span><\/h4>\n<p><strong>GAZETA MIEJSKA Gliwice<\/strong><br \/>\nreklama 1\/2 strony (280&#215;164 mm)<\/p>\n<p><strong>portal 24GLIWICE.pl<\/strong><br \/>\nbaner reklamowy, do wyboru <a href=\"https:\/\/www.24gliwice.pl\/wiadomosci\/reklama\/\" rel=\"noopener noreferrer\" target=\"_blank\">w strefach A2, A3, A9, B1<\/a>, w rotacji 50% (\u015brednio co drugie wy\u015bwietlenie).<\/p>\n<h4>Koszt pakietu \u015aREDNIEGO (bez VAT): <\/h4>\n<p>1 tydzie\u0144: 850,00<br \/>\n2 tygodnie 1500,00<\/p>\n<hr>\n<p>&nbsp;<\/p>\n<h4><span style=\"display: inline-block; border: 1px solid #bd0000; border-radius: 0px; padding: 9px 16px; margin: 0px 2px;\">Pakiet PREMIUM<\/span><\/h4>\n<p><strong>GAZETA MIEJSKA Gliwice<\/strong><br \/>\nreklama pe\u0142na strona (260&#215;332 mm)<\/p>\n<p><strong>portal 24GLIWICE.pl<\/strong><br \/>\nbaner reklamowy, do wyboru <a href=\"https:\/\/www.24gliwice.pl\/wiadomosci\/reklama\/\" rel=\"noopener noreferrer\" target=\"_blank\">w strefach A2, A3, A9, B1<\/a>, w rotacji 50% (\u015brednio co drugie wy\u015bwietlenie).<\/p>\n<h4>Koszt pakietu PREMIUM (bez VAT): <\/h4>\n<p>1 tydzie\u0144: 1000,00<br \/>\n2 tygodnie 1800,00<\/p>\n<hr>\n<p>&nbsp;<\/p>\n<p>Terminarz przedwyborczych wyda\u0144 Gazety Miejskiej:<\/p>\n<p>1 pa\u017adziernika<br \/>\n8 pa\u017adziernika<\/p>\n<p>Powy\u017csze preferencyjne stawki obowi\u0105zuj\u0105 przy zam\u00f3wieniach p\u0142atnych <strong>przed<\/strong> realizacj\u0105 kampanii.<\/p>\n<p><a href=\"https:\/\/www.24gliwice.pl\/wiadomosci\/kontakt\" rel=\"noopener noreferrer\" target=\"_blank\"><strong>KONTAKT w sprawie reklamy<\/strong><\/a><\/p>\n<p><img loading=\"lazy\" decoding=\"async\" src=\"https:\/\/www.24gliwice.pl\/wiadomosci\/wp-content\/uploads\/2019\/09\/gazeta-miejska-24-gliwice.jpg\" alt=\"\" width=\"810\" height=\"129\" class=\"aligncenter size-full wp-image-140282\" srcset=\"https:\/\/www.24gliwice.pl\/wiadomosci\/wp-content\/uploads\/2019\/09\/gazeta-miejska-24-gliwice.jpg 810w, https:\/\/www.24gliwice.pl\/wiadomosci\/wp-content\/uploads\/2019\/09\/gazeta-miejska-24-gliwice-410x65.jpg 410w, https:\/\/www.24gliwice.pl\/wiadomosci\/wp-content\/uploads\/2019\/09\/gazeta-miejska-24-gliwice-768x122.jpg 768w\" sizes=\"auto, (max-width: 810px) 100vw, 810px\" \/><\/p>\n<div class=\"gliwi-a5-na-koncu-artykulow gliwi-entity-placement\" style=\"text-align: center;\" id=\"gliwi-2232663218\"><div id=\"gliwi-3328175015\" style=\"margin-top: 40px;margin-left: auto;margin-right: auto;text-align: center;\"><a data-no-instant=\"1\" href=\"https:\/\/prezeroarenagliwice.pl\/\" rel=\"noopener\" class=\"a2t-link\" target=\"_blank\" aria-label=\"20260309-PREZERO-WIOSNA-D\"><img loading=\"lazy\" decoding=\"async\" src=\"https:\/\/www.24gliwice.pl\/wiadomosci\/wp-content\/uploads\/2026\/03\/20260309-PREZERO-WIOSNA-D.webp\" alt=\"\"  srcset=\"https:\/\/www.24gliwice.pl\/wiadomosci\/wp-content\/uploads\/2026\/03\/20260309-PREZERO-WIOSNA-D.webp 750w, https:\/\/www.24gliwice.pl\/wiadomosci\/wp-content\/uploads\/2026\/03\/20260309-PREZERO-WIOSNA-D-410x109.webp 410w\" sizes=\"(max-width: 750px) 100vw, 750px\" class=\"no-lazyload\" width=\"750\" height=\"200\"  style=\"display: inline-block; max-width: 100%; height: auto;\" \/><\/a><\/div><\/div>","protected":false},"excerpt":{"rendered":"<p>Gazeta Miejska Gliwice oraz portal 24GLIWICE.pl daj\u0105 szerok\u0105 mo\u017cliwo\u015b\u0107 dotarcia do wyborc\u00f3w w okresie kampanii wyborczej. Przygotowali\u015bmy propozycj\u0119 \u0142\u0105czonej oferty, uwzgl\u0119dniaj\u0105cej ekspozycje na tradycyjnym, papierowym no\u015bniku w lokalnej gazecie oraz na \u0142amach najwi\u0119kszego portalu w Gliwicach, odnotowuj\u0105cego ponad 0,5 miliona ods\u0142on miesi\u0119cznie. Proponujemy trzy podstawowe pakiety, dopasowane do zakresu kampanii, uwzgl\u0119dniaj\u0105ce wysokie rabaty z tytu\u0142u [&hellip;]<\/p>\n","protected":false},"author":4,"featured_media":140280,"parent":0,"menu_order":0,"comment_status":"closed","ping_status":"closed","template":"","meta":{"_monsterinsights_skip_tracking":false,"_monsterinsights_sitenote_active":false,"_monsterinsights_sitenote_note":"","_monsterinsights_sitenote_category":0,"footnotes":"","_links_to":"","_links_to_target":""},"class_list":["post-140270","page","type-page","status-publish","has-post-thumbnail","hentry"],"yoast_head":"<!-- This site is optimized with the Yoast SEO plugin v27.3 - https:\/\/yoast.com\/product\/yoast-seo-wordpress\/ -->\n<title>Wybory parlamentarne 2019. Reklama w Gliwicach - 24GLIWICE - Portal Gliwice | codziennie nowe informacje<\/title>\n<meta name=\"robots\" content=\"index, follow, max-snippet:-1, max-image-preview:large, max-video-preview:-1\" \/>\n<link rel=\"canonical\" href=\"https:\/\/www.24gliwice.pl\/wiadomosci\/reklama-wyborcza-gliwice-2019\/\" \/>\n<meta property=\"og:locale\" content=\"pl_PL\" \/>\n<meta property=\"og:type\" content=\"article\" \/>\n<meta property=\"og:title\" content=\"Wybory parlamentarne 2019. Reklama w Gliwicach - 24GLIWICE - Portal Gliwice | codziennie nowe informacje\" \/>\n<meta property=\"og:description\" content=\"Gazeta Miejska Gliwice oraz portal 24GLIWICE.pl daj\u0105 szerok\u0105 mo\u017cliwo\u015b\u0107 dotarcia do wyborc\u00f3w w okresie kampanii wyborczej. Przygotowali\u015bmy propozycj\u0119 \u0142\u0105czonej oferty, uwzgl\u0119dniaj\u0105cej ekspozycje na tradycyjnym, papierowym no\u015bniku w lokalnej gazecie oraz na \u0142amach najwi\u0119kszego portalu w Gliwicach, odnotowuj\u0105cego ponad 0,5 miliona ods\u0142on miesi\u0119cznie. Proponujemy trzy podstawowe pakiety, dopasowane do zakresu kampanii, uwzgl\u0119dniaj\u0105ce wysokie rabaty z tytu\u0142u [&hellip;]\" \/>\n<meta property=\"og:url\" content=\"https:\/\/www.24gliwice.pl\/wiadomosci\/reklama-wyborcza-gliwice-2019\/\" \/>\n<meta property=\"og:site_name\" content=\"24GLIWICE - Portal Gliwice | codziennie nowe informacje\" \/>\n<meta property=\"article:publisher\" content=\"https:\/\/www.facebook.com\/24gliwice\" \/>\n<meta property=\"article:modified_time\" content=\"2019-09-25T09:23:14+00:00\" \/>\n<meta property=\"og:image\" content=\"https:\/\/www.24gliwice.pl\/wiadomosci\/wp-content\/uploads\/2019\/09\/sejm.jpg\" \/>\n\t<meta property=\"og:image:width\" content=\"1145\" \/>\n\t<meta property=\"og:image:height\" content=\"514\" \/>\n\t<meta property=\"og:image:type\" content=\"image\/jpeg\" \/>\n<meta name=\"twitter:card\" content=\"summary_large_image\" \/>\n<meta name=\"twitter:site\" content=\"@24gliwice\" \/>\n<meta name=\"twitter:label1\" content=\"Szacowany czas czytania\" \/>\n\t<meta name=\"twitter:data1\" content=\"2 minuty\" \/>\n<script type=\"application\/ld+json\" class=\"yoast-schema-graph\">{\"@context\":\"https:\\\/\\\/schema.org\",\"@graph\":[{\"@type\":\"WebPage\",\"@id\":\"https:\\\/\\\/www.24gliwice.pl\\\/wiadomosci\\\/reklama-wyborcza-gliwice-2019\\\/\",\"url\":\"https:\\\/\\\/www.24gliwice.pl\\\/wiadomosci\\\/reklama-wyborcza-gliwice-2019\\\/\",\"name\":\"Wybory parlamentarne 2019. Reklama w Gliwicach - 24GLIWICE - Portal Gliwice | codziennie nowe informacje\",\"isPartOf\":{\"@id\":\"https:\\\/\\\/www.24gliwice.pl\\\/wiadomosci\\\/#website\"},\"primaryImageOfPage\":{\"@id\":\"https:\\\/\\\/www.24gliwice.pl\\\/wiadomosci\\\/reklama-wyborcza-gliwice-2019\\\/#primaryimage\"},\"image\":{\"@id\":\"https:\\\/\\\/www.24gliwice.pl\\\/wiadomosci\\\/reklama-wyborcza-gliwice-2019\\\/#primaryimage\"},\"thumbnailUrl\":\"https:\\\/\\\/www.24gliwice.pl\\\/wiadomosci\\\/wp-content\\\/uploads\\\/2019\\\/09\\\/sejm.jpg\",\"datePublished\":\"2019-09-09T16:07:14+00:00\",\"dateModified\":\"2019-09-25T09:23:14+00:00\",\"breadcrumb\":{\"@id\":\"https:\\\/\\\/www.24gliwice.pl\\\/wiadomosci\\\/reklama-wyborcza-gliwice-2019\\\/#breadcrumb\"},\"inLanguage\":\"pl-PL\",\"potentialAction\":[{\"@type\":\"ReadAction\",\"target\":[\"https:\\\/\\\/www.24gliwice.pl\\\/wiadomosci\\\/reklama-wyborcza-gliwice-2019\\\/\"]}]},{\"@type\":\"ImageObject\",\"inLanguage\":\"pl-PL\",\"@id\":\"https:\\\/\\\/www.24gliwice.pl\\\/wiadomosci\\\/reklama-wyborcza-gliwice-2019\\\/#primaryimage\",\"url\":\"https:\\\/\\\/www.24gliwice.pl\\\/wiadomosci\\\/wp-content\\\/uploads\\\/2019\\\/09\\\/sejm.jpg\",\"contentUrl\":\"https:\\\/\\\/www.24gliwice.pl\\\/wiadomosci\\\/wp-content\\\/uploads\\\/2019\\\/09\\\/sejm.jpg\",\"width\":1145,\"height\":514},{\"@type\":\"BreadcrumbList\",\"@id\":\"https:\\\/\\\/www.24gliwice.pl\\\/wiadomosci\\\/reklama-wyborcza-gliwice-2019\\\/#breadcrumb\",\"itemListElement\":[{\"@type\":\"ListItem\",\"position\":1,\"name\":\"Strona g\u0142\u00f3wna\",\"item\":\"https:\\\/\\\/www.24gliwice.pl\\\/wiadomosci\\\/\"},{\"@type\":\"ListItem\",\"position\":2,\"name\":\"Wybory parlamentarne 2019. Reklama w Gliwicach\"}]},{\"@type\":\"WebSite\",\"@id\":\"https:\\\/\\\/www.24gliwice.pl\\\/wiadomosci\\\/#website\",\"url\":\"https:\\\/\\\/www.24gliwice.pl\\\/wiadomosci\\\/\",\"name\":\"24GLIWICE - Portal Gliwice | codziennie nowe wiadomo\u015bci\",\"description\":\"Portal Miejski Gliwice\",\"publisher\":{\"@id\":\"https:\\\/\\\/www.24gliwice.pl\\\/wiadomosci\\\/#organization\"},\"potentialAction\":[{\"@type\":\"SearchAction\",\"target\":{\"@type\":\"EntryPoint\",\"urlTemplate\":\"https:\\\/\\\/www.24gliwice.pl\\\/wiadomosci\\\/?s={search_term_string}\"},\"query-input\":{\"@type\":\"PropertyValueSpecification\",\"valueRequired\":true,\"valueName\":\"search_term_string\"}}],\"inLanguage\":\"pl-PL\"},{\"@type\":\"Organization\",\"@id\":\"https:\\\/\\\/www.24gliwice.pl\\\/wiadomosci\\\/#organization\",\"name\":\"24gliwice\",\"url\":\"https:\\\/\\\/www.24gliwice.pl\\\/wiadomosci\\\/\",\"logo\":{\"@type\":\"ImageObject\",\"inLanguage\":\"pl-PL\",\"@id\":\"https:\\\/\\\/www.24gliwice.pl\\\/wiadomosci\\\/#\\\/schema\\\/logo\\\/image\\\/\",\"url\":\"https:\\\/\\\/www.24gliwice.pl\\\/wiadomosci\\\/wp-content\\\/uploads\\\/2024\\\/10\\\/24gliwice-logo-696.jpg\",\"contentUrl\":\"https:\\\/\\\/www.24gliwice.pl\\\/wiadomosci\\\/wp-content\\\/uploads\\\/2024\\\/10\\\/24gliwice-logo-696.jpg\",\"width\":696,\"height\":696,\"caption\":\"24gliwice\"},\"image\":{\"@id\":\"https:\\\/\\\/www.24gliwice.pl\\\/wiadomosci\\\/#\\\/schema\\\/logo\\\/image\\\/\"},\"sameAs\":[\"https:\\\/\\\/www.facebook.com\\\/24gliwice\",\"https:\\\/\\\/x.com\\\/24gliwice\",\"https:\\\/\\\/www.youtube.com\\\/@24gliwice\"]}]}<\/script>\n<!-- \/ Yoast SEO plugin. -->","yoast_head_json":{"title":"Wybory parlamentarne 2019. Reklama w Gliwicach - 24GLIWICE - Portal Gliwice | codziennie nowe informacje","robots":{"index":"index","follow":"follow","max-snippet":"max-snippet:-1","max-image-preview":"max-image-preview:large","max-video-preview":"max-video-preview:-1"},"canonical":"https:\/\/www.24gliwice.pl\/wiadomosci\/reklama-wyborcza-gliwice-2019\/","og_locale":"pl_PL","og_type":"article","og_title":"Wybory parlamentarne 2019. Reklama w Gliwicach - 24GLIWICE - Portal Gliwice | codziennie nowe informacje","og_description":"Gazeta Miejska Gliwice oraz portal 24GLIWICE.pl daj\u0105 szerok\u0105 mo\u017cliwo\u015b\u0107 dotarcia do wyborc\u00f3w w okresie kampanii wyborczej. Przygotowali\u015bmy propozycj\u0119 \u0142\u0105czonej oferty, uwzgl\u0119dniaj\u0105cej ekspozycje na tradycyjnym, papierowym no\u015bniku w lokalnej gazecie oraz na \u0142amach najwi\u0119kszego portalu w Gliwicach, odnotowuj\u0105cego ponad 0,5 miliona ods\u0142on miesi\u0119cznie. Proponujemy trzy podstawowe pakiety, dopasowane do zakresu kampanii, uwzgl\u0119dniaj\u0105ce wysokie rabaty z tytu\u0142u [&hellip;]","og_url":"https:\/\/www.24gliwice.pl\/wiadomosci\/reklama-wyborcza-gliwice-2019\/","og_site_name":"24GLIWICE - Portal Gliwice | codziennie nowe informacje","article_publisher":"https:\/\/www.facebook.com\/24gliwice","article_modified_time":"2019-09-25T09:23:14+00:00","og_image":[{"width":1145,"height":514,"url":"https:\/\/www.24gliwice.pl\/wiadomosci\/wp-content\/uploads\/2019\/09\/sejm.jpg","type":"image\/jpeg"}],"twitter_card":"summary_large_image","twitter_site":"@24gliwice","twitter_misc":{"Szacowany czas czytania":"2 minuty"},"schema":{"@context":"https:\/\/schema.org","@graph":[{"@type":"WebPage","@id":"https:\/\/www.24gliwice.pl\/wiadomosci\/reklama-wyborcza-gliwice-2019\/","url":"https:\/\/www.24gliwice.pl\/wiadomosci\/reklama-wyborcza-gliwice-2019\/","name":"Wybory parlamentarne 2019. Reklama w Gliwicach - 24GLIWICE - Portal Gliwice | codziennie nowe informacje","isPartOf":{"@id":"https:\/\/www.24gliwice.pl\/wiadomosci\/#website"},"primaryImageOfPage":{"@id":"https:\/\/www.24gliwice.pl\/wiadomosci\/reklama-wyborcza-gliwice-2019\/#primaryimage"},"image":{"@id":"https:\/\/www.24gliwice.pl\/wiadomosci\/reklama-wyborcza-gliwice-2019\/#primaryimage"},"thumbnailUrl":"https:\/\/www.24gliwice.pl\/wiadomosci\/wp-content\/uploads\/2019\/09\/sejm.jpg","datePublished":"2019-09-09T16:07:14+00:00","dateModified":"2019-09-25T09:23:14+00:00","breadcrumb":{"@id":"https:\/\/www.24gliwice.pl\/wiadomosci\/reklama-wyborcza-gliwice-2019\/#breadcrumb"},"inLanguage":"pl-PL","potentialAction":[{"@type":"ReadAction","target":["https:\/\/www.24gliwice.pl\/wiadomosci\/reklama-wyborcza-gliwice-2019\/"]}]},{"@type":"ImageObject","inLanguage":"pl-PL","@id":"https:\/\/www.24gliwice.pl\/wiadomosci\/reklama-wyborcza-gliwice-2019\/#primaryimage","url":"https:\/\/www.24gliwice.pl\/wiadomosci\/wp-content\/uploads\/2019\/09\/sejm.jpg","contentUrl":"https:\/\/www.24gliwice.pl\/wiadomosci\/wp-content\/uploads\/2019\/09\/sejm.jpg","width":1145,"height":514},{"@type":"BreadcrumbList","@id":"https:\/\/www.24gliwice.pl\/wiadomosci\/reklama-wyborcza-gliwice-2019\/#breadcrumb","itemListElement":[{"@type":"ListItem","position":1,"name":"Strona g\u0142\u00f3wna","item":"https:\/\/www.24gliwice.pl\/wiadomosci\/"},{"@type":"ListItem","position":2,"name":"Wybory parlamentarne 2019. Reklama w Gliwicach"}]},{"@type":"WebSite","@id":"https:\/\/www.24gliwice.pl\/wiadomosci\/#website","url":"https:\/\/www.24gliwice.pl\/wiadomosci\/","name":"24GLIWICE - Portal Gliwice | codziennie nowe wiadomo\u015bci","description":"Portal Miejski Gliwice","publisher":{"@id":"https:\/\/www.24gliwice.pl\/wiadomosci\/#organization"},"potentialAction":[{"@type":"SearchAction","target":{"@type":"EntryPoint","urlTemplate":"https:\/\/www.24gliwice.pl\/wiadomosci\/?s={search_term_string}"},"query-input":{"@type":"PropertyValueSpecification","valueRequired":true,"valueName":"search_term_string"}}],"inLanguage":"pl-PL"},{"@type":"Organization","@id":"https:\/\/www.24gliwice.pl\/wiadomosci\/#organization","name":"24gliwice","url":"https:\/\/www.24gliwice.pl\/wiadomosci\/","logo":{"@type":"ImageObject","inLanguage":"pl-PL","@id":"https:\/\/www.24gliwice.pl\/wiadomosci\/#\/schema\/logo\/image\/","url":"https:\/\/www.24gliwice.pl\/wiadomosci\/wp-content\/uploads\/2024\/10\/24gliwice-logo-696.jpg","contentUrl":"https:\/\/www.24gliwice.pl\/wiadomosci\/wp-content\/uploads\/2024\/10\/24gliwice-logo-696.jpg","width":696,"height":696,"caption":"24gliwice"},"image":{"@id":"https:\/\/www.24gliwice.pl\/wiadomosci\/#\/schema\/logo\/image\/"},"sameAs":["https:\/\/www.facebook.com\/24gliwice","https:\/\/x.com\/24gliwice","https:\/\/www.youtube.com\/@24gliwice"]}]}},"_links":{"self":[{"href":"https:\/\/www.24gliwice.pl\/wiadomosci\/wp-json\/wp\/v2\/pages\/140270","targetHints":{"allow":["GET"]}}],"collection":[{"href":"https:\/\/www.24gliwice.pl\/wiadomosci\/wp-json\/wp\/v2\/pages"}],"about":[{"href":"https:\/\/www.24gliwice.pl\/wiadomosci\/wp-json\/wp\/v2\/types\/page"}],"author":[{"embeddable":true,"href":"https:\/\/www.24gliwice.pl\/wiadomosci\/wp-json\/wp\/v2\/users\/4"}],"replies":[{"embeddable":true,"href":"https:\/\/www.24gliwice.pl\/wiadomosci\/wp-json\/wp\/v2\/comments?post=140270"}],"version-history":[{"count":14,"href":"https:\/\/www.24gliwice.pl\/wiadomosci\/wp-json\/wp\/v2\/pages\/140270\/revisions"}],"predecessor-version":[{"id":140995,"href":"https:\/\/www.24gliwice.pl\/wiadomosci\/wp-json\/wp\/v2\/pages\/140270\/revisions\/140995"}],"wp:featuredmedia":[{"embeddable":true,"href":"https:\/\/www.24gliwice.pl\/wiadomosci\/wp-json\/wp\/v2\/media\/140280"}],"wp:attachment":[{"href":"https:\/\/www.24gliwice.pl\/wiadomosci\/wp-json\/wp\/v2\/media?parent=140270"}],"curies":[{"name":"wp","href":"https:\/\/api.w.org\/{rel}","templated":true}]}}