{"id":170460,"date":"2021-05-19T15:53:49","date_gmt":"2021-05-19T13:53:49","guid":{"rendered":"https:\/\/www.24gliwice.pl\/wiadomosci\/?page_id=170460"},"modified":"2021-05-20T12:06:34","modified_gmt":"2021-05-20T10:06:34","slug":"ogloszenie-rekrutacyjne-pkp-cargo-connect","status":"publish","type":"page","link":"https:\/\/www.24gliwice.pl\/wiadomosci\/ogloszenie-rekrutacyjne-pkp-cargo-connect\/","title":{"rendered":"Og\u0142oszenie rekrutacyjne"},"content":{"rendered":"<p>dla lokalizacji: Gliwice (woj. \u015bl\u0105skie) na stanowisko<br \/>\n<strong>Operator terminala kontenerowego.<\/strong><\/p>\n<hr>\n<p>PKP CARGO CONNECT Sp. z o.o. jest mi\u0119dzynarodowym operatorem logistycznym \u015bwiadcz\u0105cym kompleksowe us\u0142ugi w zakresie transportu, prze\u0142adunk\u00f3w, magazynowania i us\u0142ug celnych.<\/p>\n<h4>Rekrutacja na stanowisko Operatora Terminala Kontenerowego:<\/h4>\n<p>&nbsp;<br \/>\n<strong>Wymagania:<\/strong><\/p>\n<p>&#8211; posiadanie uprawnie\u0144 do obs\u0142ugi manipulator\u00f3w kontenerowych ( \u201dI K\u201d lub kategorii drugiej ) wydanego przez Transportowy Doz\u00f3r Techniczny (TDT)<br \/>\n&#8211; posiadanie do\u015bwiadczenia w pracy z w\u00f3zkiem wid\u0142owym<br \/>\n&#8211; dyspozycyjno\u015b\u0107 (praca zmianowa r\u00f3wnie\u017c w porze nocnej)<br \/>\n&#8211; umiej\u0119tno\u015b\u0107 pracy w zespole<br \/>\n&#8211; sumienno\u015b\u0107 i skrupulatno\u015b\u0107 w wykonywaniu zada\u0144<br \/>\n&#8211; praca na urz\u0105dzeniu do prze\u0142adunku kontener\u00f3w marki Kalmar,<\/p>\n<p><strong>Oferujemy:<\/strong><\/p>\n<ul>\n<li>mo\u017cliwo\u015b\u0107 rozwoju w firmie o ugruntowanej pozycji na rynku TSL<\/li>\n<li>stabilne zatrudnienie w ramach umowy o prac\u0119<\/li>\n<li>przyjazne \u015brodowisko pracy i kreatywny zesp\u00f3\u0142<\/li>\n<li>pakiet \u015bwiadcze\u0144 dodatkowych takich jak karta Multisport, Medicover<\/li>\n<\/ul>\n<p>Aplikacje prosimy przesy\u0142a\u0107 na adres: rekrutacja@pkpcc.com<\/p>\n<p><img loading=\"lazy\" decoding=\"async\" src=\"https:\/\/www.24gliwice.pl\/wiadomosci\/wp-content\/uploads\/2021\/05\/pkp-cargo-connect-logo.jpg\" alt=\"\" width=\"810\" height=\"197\" class=\"aligncenter size-full wp-image-170477\" srcset=\"https:\/\/www.24gliwice.pl\/wiadomosci\/wp-content\/uploads\/2021\/05\/pkp-cargo-connect-logo.jpg 810w, https:\/\/www.24gliwice.pl\/wiadomosci\/wp-content\/uploads\/2021\/05\/pkp-cargo-connect-logo-410x100.jpg 410w, https:\/\/www.24gliwice.pl\/wiadomosci\/wp-content\/uploads\/2021\/05\/pkp-cargo-connect-logo-768x187.jpg 768w\" sizes=\"auto, (max-width: 810px) 100vw, 810px\" \/><\/p>\n","protected":false},"excerpt":{"rendered":"<p>dla lokalizacji: Gliwice (woj. \u015bl\u0105skie) na stanowisko Operator terminala kontenerowego. PKP CARGO CONNECT Sp. z o.o. jest mi\u0119dzynarodowym operatorem logistycznym \u015bwiadcz\u0105cym kompleksowe us\u0142ugi w zakresie transportu, prze\u0142adunk\u00f3w, magazynowania i us\u0142ug celnych. Rekrutacja na stanowisko Operatora Terminala Kontenerowego: &nbsp; Wymagania: &#8211; posiadanie uprawnie\u0144 do obs\u0142ugi manipulator\u00f3w kontenerowych ( \u201dI K\u201d lub kategorii drugiej ) wydanego przez [&hellip;]<\/p>\n","protected":false},"author":4,"featured_media":170478,"parent":0,"menu_order":0,"comment_status":"closed","ping_status":"closed","template":"","meta":{"_monsterinsights_skip_tracking":false,"_monsterinsights_sitenote_active":false,"_monsterinsights_sitenote_note":"","_monsterinsights_sitenote_category":0,"footnotes":"","_links_to":"","_links_to_target":""},"class_list":["post-170460","page","type-page","status-publish","has-post-thumbnail","hentry"],"yoast_head":"<!-- This site is optimized with the Yoast SEO plugin v27.3 - https:\/\/yoast.com\/product\/yoast-seo-wordpress\/ -->\n<title>Og\u0142oszenie rekrutacyjne - 24GLIWICE - Portal Gliwice | codziennie nowe informacje<\/title>\n<meta name=\"robots\" content=\"index, follow, max-snippet:-1, max-image-preview:large, max-video-preview:-1\" \/>\n<link rel=\"canonical\" href=\"https:\/\/www.24gliwice.pl\/wiadomosci\/ogloszenie-rekrutacyjne-pkp-cargo-connect\/\" \/>\n<meta property=\"og:locale\" content=\"pl_PL\" \/>\n<meta property=\"og:type\" content=\"article\" \/>\n<meta property=\"og:title\" content=\"Og\u0142oszenie rekrutacyjne - 24GLIWICE - Portal Gliwice | codziennie nowe informacje\" \/>\n<meta property=\"og:description\" content=\"dla lokalizacji: Gliwice (woj. \u015bl\u0105skie) na stanowisko Operator terminala kontenerowego. PKP CARGO CONNECT Sp. z o.o. jest mi\u0119dzynarodowym operatorem logistycznym \u015bwiadcz\u0105cym kompleksowe us\u0142ugi w zakresie transportu, prze\u0142adunk\u00f3w, magazynowania i us\u0142ug celnych. Rekrutacja na stanowisko Operatora Terminala Kontenerowego: &nbsp; Wymagania: &#8211; posiadanie uprawnie\u0144 do obs\u0142ugi manipulator\u00f3w kontenerowych ( \u201dI K\u201d lub kategorii drugiej ) wydanego przez [&hellip;]\" \/>\n<meta property=\"og:url\" content=\"https:\/\/www.24gliwice.pl\/wiadomosci\/ogloszenie-rekrutacyjne-pkp-cargo-connect\/\" \/>\n<meta property=\"og:site_name\" content=\"24GLIWICE - Portal Gliwice | codziennie nowe informacje\" \/>\n<meta property=\"article:publisher\" content=\"https:\/\/www.facebook.com\/24gliwice\" \/>\n<meta property=\"article:modified_time\" content=\"2021-05-20T10:06:34+00:00\" \/>\n<meta property=\"og:image\" content=\"https:\/\/www.24gliwice.pl\/wiadomosci\/wp-content\/uploads\/2021\/05\/pkp-cargo-connect.jpg\" \/>\n\t<meta property=\"og:image:width\" content=\"1140\" \/>\n\t<meta property=\"og:image:height\" content=\"252\" \/>\n\t<meta property=\"og:image:type\" content=\"image\/jpeg\" \/>\n<meta name=\"twitter:card\" content=\"summary_large_image\" \/>\n<meta name=\"twitter:site\" content=\"@24gliwice\" \/>\n<meta name=\"twitter:label1\" content=\"Szacowany czas czytania\" \/>\n\t<meta name=\"twitter:data1\" content=\"1 minuta\" \/>\n<script type=\"application\/ld+json\" class=\"yoast-schema-graph\">{\"@context\":\"https:\\\/\\\/schema.org\",\"@graph\":[{\"@type\":\"WebPage\",\"@id\":\"https:\\\/\\\/www.24gliwice.pl\\\/wiadomosci\\\/ogloszenie-rekrutacyjne-pkp-cargo-connect\\\/\",\"url\":\"https:\\\/\\\/www.24gliwice.pl\\\/wiadomosci\\\/ogloszenie-rekrutacyjne-pkp-cargo-connect\\\/\",\"name\":\"Og\u0142oszenie rekrutacyjne - 24GLIWICE - Portal Gliwice | codziennie nowe informacje\",\"isPartOf\":{\"@id\":\"https:\\\/\\\/www.24gliwice.pl\\\/wiadomosci\\\/#website\"},\"primaryImageOfPage\":{\"@id\":\"https:\\\/\\\/www.24gliwice.pl\\\/wiadomosci\\\/ogloszenie-rekrutacyjne-pkp-cargo-connect\\\/#primaryimage\"},\"image\":{\"@id\":\"https:\\\/\\\/www.24gliwice.pl\\\/wiadomosci\\\/ogloszenie-rekrutacyjne-pkp-cargo-connect\\\/#primaryimage\"},\"thumbnailUrl\":\"https:\\\/\\\/www.24gliwice.pl\\\/wiadomosci\\\/wp-content\\\/uploads\\\/2021\\\/05\\\/pkp-cargo-connect.jpg\",\"datePublished\":\"2021-05-19T13:53:49+00:00\",\"dateModified\":\"2021-05-20T10:06:34+00:00\",\"breadcrumb\":{\"@id\":\"https:\\\/\\\/www.24gliwice.pl\\\/wiadomosci\\\/ogloszenie-rekrutacyjne-pkp-cargo-connect\\\/#breadcrumb\"},\"inLanguage\":\"pl-PL\",\"potentialAction\":[{\"@type\":\"ReadAction\",\"target\":[\"https:\\\/\\\/www.24gliwice.pl\\\/wiadomosci\\\/ogloszenie-rekrutacyjne-pkp-cargo-connect\\\/\"]}]},{\"@type\":\"ImageObject\",\"inLanguage\":\"pl-PL\",\"@id\":\"https:\\\/\\\/www.24gliwice.pl\\\/wiadomosci\\\/ogloszenie-rekrutacyjne-pkp-cargo-connect\\\/#primaryimage\",\"url\":\"https:\\\/\\\/www.24gliwice.pl\\\/wiadomosci\\\/wp-content\\\/uploads\\\/2021\\\/05\\\/pkp-cargo-connect.jpg\",\"contentUrl\":\"https:\\\/\\\/www.24gliwice.pl\\\/wiadomosci\\\/wp-content\\\/uploads\\\/2021\\\/05\\\/pkp-cargo-connect.jpg\",\"width\":1140,\"height\":252},{\"@type\":\"BreadcrumbList\",\"@id\":\"https:\\\/\\\/www.24gliwice.pl\\\/wiadomosci\\\/ogloszenie-rekrutacyjne-pkp-cargo-connect\\\/#breadcrumb\",\"itemListElement\":[{\"@type\":\"ListItem\",\"position\":1,\"name\":\"Strona g\u0142\u00f3wna\",\"item\":\"https:\\\/\\\/www.24gliwice.pl\\\/wiadomosci\\\/\"},{\"@type\":\"ListItem\",\"position\":2,\"name\":\"Og\u0142oszenie rekrutacyjne\"}]},{\"@type\":\"WebSite\",\"@id\":\"https:\\\/\\\/www.24gliwice.pl\\\/wiadomosci\\\/#website\",\"url\":\"https:\\\/\\\/www.24gliwice.pl\\\/wiadomosci\\\/\",\"name\":\"24GLIWICE - Portal Gliwice | codziennie nowe wiadomo\u015bci\",\"description\":\"Portal Miejski Gliwice\",\"publisher\":{\"@id\":\"https:\\\/\\\/www.24gliwice.pl\\\/wiadomosci\\\/#organization\"},\"potentialAction\":[{\"@type\":\"SearchAction\",\"target\":{\"@type\":\"EntryPoint\",\"urlTemplate\":\"https:\\\/\\\/www.24gliwice.pl\\\/wiadomosci\\\/?s={search_term_string}\"},\"query-input\":{\"@type\":\"PropertyValueSpecification\",\"valueRequired\":true,\"valueName\":\"search_term_string\"}}],\"inLanguage\":\"pl-PL\"},{\"@type\":\"Organization\",\"@id\":\"https:\\\/\\\/www.24gliwice.pl\\\/wiadomosci\\\/#organization\",\"name\":\"24gliwice\",\"url\":\"https:\\\/\\\/www.24gliwice.pl\\\/wiadomosci\\\/\",\"logo\":{\"@type\":\"ImageObject\",\"inLanguage\":\"pl-PL\",\"@id\":\"https:\\\/\\\/www.24gliwice.pl\\\/wiadomosci\\\/#\\\/schema\\\/logo\\\/image\\\/\",\"url\":\"https:\\\/\\\/www.24gliwice.pl\\\/wiadomosci\\\/wp-content\\\/uploads\\\/2024\\\/10\\\/24gliwice-logo-696.jpg\",\"contentUrl\":\"https:\\\/\\\/www.24gliwice.pl\\\/wiadomosci\\\/wp-content\\\/uploads\\\/2024\\\/10\\\/24gliwice-logo-696.jpg\",\"width\":696,\"height\":696,\"caption\":\"24gliwice\"},\"image\":{\"@id\":\"https:\\\/\\\/www.24gliwice.pl\\\/wiadomosci\\\/#\\\/schema\\\/logo\\\/image\\\/\"},\"sameAs\":[\"https:\\\/\\\/www.facebook.com\\\/24gliwice\",\"https:\\\/\\\/x.com\\\/24gliwice\",\"https:\\\/\\\/www.youtube.com\\\/@24gliwice\"]}]}<\/script>\n<!-- \/ Yoast SEO plugin. -->","yoast_head_json":{"title":"Og\u0142oszenie rekrutacyjne - 24GLIWICE - Portal Gliwice | codziennie nowe informacje","robots":{"index":"index","follow":"follow","max-snippet":"max-snippet:-1","max-image-preview":"max-image-preview:large","max-video-preview":"max-video-preview:-1"},"canonical":"https:\/\/www.24gliwice.pl\/wiadomosci\/ogloszenie-rekrutacyjne-pkp-cargo-connect\/","og_locale":"pl_PL","og_type":"article","og_title":"Og\u0142oszenie rekrutacyjne - 24GLIWICE - Portal Gliwice | codziennie nowe informacje","og_description":"dla lokalizacji: Gliwice (woj. \u015bl\u0105skie) na stanowisko Operator terminala kontenerowego. PKP CARGO CONNECT Sp. z o.o. jest mi\u0119dzynarodowym operatorem logistycznym \u015bwiadcz\u0105cym kompleksowe us\u0142ugi w zakresie transportu, prze\u0142adunk\u00f3w, magazynowania i us\u0142ug celnych. Rekrutacja na stanowisko Operatora Terminala Kontenerowego: &nbsp; Wymagania: &#8211; posiadanie uprawnie\u0144 do obs\u0142ugi manipulator\u00f3w kontenerowych ( \u201dI K\u201d lub kategorii drugiej ) wydanego przez [&hellip;]","og_url":"https:\/\/www.24gliwice.pl\/wiadomosci\/ogloszenie-rekrutacyjne-pkp-cargo-connect\/","og_site_name":"24GLIWICE - Portal Gliwice | codziennie nowe informacje","article_publisher":"https:\/\/www.facebook.com\/24gliwice","article_modified_time":"2021-05-20T10:06:34+00:00","og_image":[{"width":1140,"height":252,"url":"https:\/\/www.24gliwice.pl\/wiadomosci\/wp-content\/uploads\/2021\/05\/pkp-cargo-connect.jpg","type":"image\/jpeg"}],"twitter_card":"summary_large_image","twitter_site":"@24gliwice","twitter_misc":{"Szacowany czas czytania":"1 minuta"},"schema":{"@context":"https:\/\/schema.org","@graph":[{"@type":"WebPage","@id":"https:\/\/www.24gliwice.pl\/wiadomosci\/ogloszenie-rekrutacyjne-pkp-cargo-connect\/","url":"https:\/\/www.24gliwice.pl\/wiadomosci\/ogloszenie-rekrutacyjne-pkp-cargo-connect\/","name":"Og\u0142oszenie rekrutacyjne - 24GLIWICE - Portal Gliwice | codziennie nowe informacje","isPartOf":{"@id":"https:\/\/www.24gliwice.pl\/wiadomosci\/#website"},"primaryImageOfPage":{"@id":"https:\/\/www.24gliwice.pl\/wiadomosci\/ogloszenie-rekrutacyjne-pkp-cargo-connect\/#primaryimage"},"image":{"@id":"https:\/\/www.24gliwice.pl\/wiadomosci\/ogloszenie-rekrutacyjne-pkp-cargo-connect\/#primaryimage"},"thumbnailUrl":"https:\/\/www.24gliwice.pl\/wiadomosci\/wp-content\/uploads\/2021\/05\/pkp-cargo-connect.jpg","datePublished":"2021-05-19T13:53:49+00:00","dateModified":"2021-05-20T10:06:34+00:00","breadcrumb":{"@id":"https:\/\/www.24gliwice.pl\/wiadomosci\/ogloszenie-rekrutacyjne-pkp-cargo-connect\/#breadcrumb"},"inLanguage":"pl-PL","potentialAction":[{"@type":"ReadAction","target":["https:\/\/www.24gliwice.pl\/wiadomosci\/ogloszenie-rekrutacyjne-pkp-cargo-connect\/"]}]},{"@type":"ImageObject","inLanguage":"pl-PL","@id":"https:\/\/www.24gliwice.pl\/wiadomosci\/ogloszenie-rekrutacyjne-pkp-cargo-connect\/#primaryimage","url":"https:\/\/www.24gliwice.pl\/wiadomosci\/wp-content\/uploads\/2021\/05\/pkp-cargo-connect.jpg","contentUrl":"https:\/\/www.24gliwice.pl\/wiadomosci\/wp-content\/uploads\/2021\/05\/pkp-cargo-connect.jpg","width":1140,"height":252},{"@type":"BreadcrumbList","@id":"https:\/\/www.24gliwice.pl\/wiadomosci\/ogloszenie-rekrutacyjne-pkp-cargo-connect\/#breadcrumb","itemListElement":[{"@type":"ListItem","position":1,"name":"Strona g\u0142\u00f3wna","item":"https:\/\/www.24gliwice.pl\/wiadomosci\/"},{"@type":"ListItem","position":2,"name":"Og\u0142oszenie rekrutacyjne"}]},{"@type":"WebSite","@id":"https:\/\/www.24gliwice.pl\/wiadomosci\/#website","url":"https:\/\/www.24gliwice.pl\/wiadomosci\/","name":"24GLIWICE - Portal Gliwice | codziennie nowe wiadomo\u015bci","description":"Portal Miejski Gliwice","publisher":{"@id":"https:\/\/www.24gliwice.pl\/wiadomosci\/#organization"},"potentialAction":[{"@type":"SearchAction","target":{"@type":"EntryPoint","urlTemplate":"https:\/\/www.24gliwice.pl\/wiadomosci\/?s={search_term_string}"},"query-input":{"@type":"PropertyValueSpecification","valueRequired":true,"valueName":"search_term_string"}}],"inLanguage":"pl-PL"},{"@type":"Organization","@id":"https:\/\/www.24gliwice.pl\/wiadomosci\/#organization","name":"24gliwice","url":"https:\/\/www.24gliwice.pl\/wiadomosci\/","logo":{"@type":"ImageObject","inLanguage":"pl-PL","@id":"https:\/\/www.24gliwice.pl\/wiadomosci\/#\/schema\/logo\/image\/","url":"https:\/\/www.24gliwice.pl\/wiadomosci\/wp-content\/uploads\/2024\/10\/24gliwice-logo-696.jpg","contentUrl":"https:\/\/www.24gliwice.pl\/wiadomosci\/wp-content\/uploads\/2024\/10\/24gliwice-logo-696.jpg","width":696,"height":696,"caption":"24gliwice"},"image":{"@id":"https:\/\/www.24gliwice.pl\/wiadomosci\/#\/schema\/logo\/image\/"},"sameAs":["https:\/\/www.facebook.com\/24gliwice","https:\/\/x.com\/24gliwice","https:\/\/www.youtube.com\/@24gliwice"]}]}},"_links":{"self":[{"href":"https:\/\/www.24gliwice.pl\/wiadomosci\/wp-json\/wp\/v2\/pages\/170460","targetHints":{"allow":["GET"]}}],"collection":[{"href":"https:\/\/www.24gliwice.pl\/wiadomosci\/wp-json\/wp\/v2\/pages"}],"about":[{"href":"https:\/\/www.24gliwice.pl\/wiadomosci\/wp-json\/wp\/v2\/types\/page"}],"author":[{"embeddable":true,"href":"https:\/\/www.24gliwice.pl\/wiadomosci\/wp-json\/wp\/v2\/users\/4"}],"replies":[{"embeddable":true,"href":"https:\/\/www.24gliwice.pl\/wiadomosci\/wp-json\/wp\/v2\/comments?post=170460"}],"version-history":[{"count":10,"href":"https:\/\/www.24gliwice.pl\/wiadomosci\/wp-json\/wp\/v2\/pages\/170460\/revisions"}],"predecessor-version":[{"id":170516,"href":"https:\/\/www.24gliwice.pl\/wiadomosci\/wp-json\/wp\/v2\/pages\/170460\/revisions\/170516"}],"wp:featuredmedia":[{"embeddable":true,"href":"https:\/\/www.24gliwice.pl\/wiadomosci\/wp-json\/wp\/v2\/media\/170478"}],"wp:attachment":[{"href":"https:\/\/www.24gliwice.pl\/wiadomosci\/wp-json\/wp\/v2\/media?parent=170460"}],"curies":[{"name":"wp","href":"https:\/\/api.w.org\/{rel}","templated":true}]}}