{"id":243886,"date":"2015-10-16T14:42:43","date_gmt":"2015-10-16T12:42:43","guid":{"rendered":"https:\/\/www.24gliwice.pl\/wiadomosci\/?page_id=243886"},"modified":"2025-01-20T23:31:58","modified_gmt":"2025-01-20T22:31:58","slug":"material-partnera-warunki","status":"publish","type":"page","link":"https:\/\/www.24gliwice.pl\/wiadomosci\/material-partnera-warunki\/","title":{"rendered":"materia\u0142 partnera &#8211; informacja"},"content":{"rendered":"<p>Publikacje oznaczone jako <em>&#8220;materia\u0142 partnera&#8221;<\/em> stanowi\u0105 tre\u015bci reklamowe, przygotowane i dostarczone w ca\u0142o\u015bci przez podmioty zewn\u0119trzne.<\/p>\n<p><strong>Wydawca ani redakcja nie odpowiadaj\u0105<\/strong> za tre\u015bci o charakterze reklamowym, w tym oznaczone jako <em>&#8220;materia\u0142 partnera&#8221;<\/em> artyku\u0142y wraz z grafikami i zdj\u0119ciami.<\/p>\n<p>Wszelkie kwestie zwi\u0105zane z odpowiedzialno\u015bci\u0105 za tre\u015b\u0107, licencjami czy prawami autorskimi do materia\u0142\u00f3w (w tym zdj\u0119\u0107 i grafik) wykorzystanych w artyku\u0142ach oznaczonych jako <em>&#8220;materia\u0142 partnera&#8221;<\/em> ci\u0105\u017c\u0105 wy\u0142\u0105cznie na podmiocie zewn\u0119trznym zlecaj\u0105cym publikacj\u0119.<\/p>\n<p><strong>Sprawd\u017a <\/strong><a href=\"https:\/\/www.24gliwice.pl\/wiadomosci\/teksty-sponsorowane\/\"><strong>cennik<\/strong> i warunki techniczne publikacji sponsorowanych na portalu 24gliwice<\/a><\/p>\n","protected":false},"excerpt":{"rendered":"<p>Publikacje oznaczone jako &#8220;materia\u0142 partnera&#8221; stanowi\u0105 tre\u015bci reklamowe, przygotowane i dostarczone w ca\u0142o\u015bci przez podmioty zewn\u0119trzne. Wydawca ani redakcja nie odpowiadaj\u0105 za tre\u015bci o charakterze reklamowym, w tym oznaczone jako &#8220;materia\u0142 partnera&#8221; artyku\u0142y wraz z grafikami i zdj\u0119ciami. Wszelkie kwestie zwi\u0105zane z odpowiedzialno\u015bci\u0105 za tre\u015b\u0107, licencjami czy prawami autorskimi do materia\u0142\u00f3w (w tym zdj\u0119\u0107 i [&hellip;]<\/p>\n","protected":false},"author":4,"featured_media":0,"parent":0,"menu_order":0,"comment_status":"closed","ping_status":"closed","template":"","meta":{"_monsterinsights_skip_tracking":false,"_monsterinsights_sitenote_active":false,"_monsterinsights_sitenote_note":"","_monsterinsights_sitenote_category":0,"footnotes":"","_links_to":"","_links_to_target":""},"class_list":["post-243886","page","type-page","status-publish","hentry"],"yoast_head":"<!-- This site is optimized with the Yoast SEO plugin v27.5 - https:\/\/yoast.com\/product\/yoast-seo-wordpress\/ -->\n<title>materia\u0142 partnera - informacja - 24GLIWICE - Portal Gliwice | codziennie nowe informacje<\/title>\n<meta name=\"robots\" content=\"index, follow, max-snippet:-1, max-image-preview:large, max-video-preview:-1\" \/>\n<link rel=\"canonical\" href=\"https:\/\/www.24gliwice.pl\/wiadomosci\/material-partnera-warunki\/\" \/>\n<meta property=\"og:locale\" content=\"pl_PL\" \/>\n<meta property=\"og:type\" content=\"article\" \/>\n<meta property=\"og:title\" content=\"materia\u0142 partnera - informacja - 24GLIWICE - Portal Gliwice | codziennie nowe informacje\" \/>\n<meta property=\"og:description\" content=\"Publikacje oznaczone jako &#8220;materia\u0142 partnera&#8221; stanowi\u0105 tre\u015bci reklamowe, przygotowane i dostarczone w ca\u0142o\u015bci przez podmioty zewn\u0119trzne. Wydawca ani redakcja nie odpowiadaj\u0105 za tre\u015bci o charakterze reklamowym, w tym oznaczone jako &#8220;materia\u0142 partnera&#8221; artyku\u0142y wraz z grafikami i zdj\u0119ciami. Wszelkie kwestie zwi\u0105zane z odpowiedzialno\u015bci\u0105 za tre\u015b\u0107, licencjami czy prawami autorskimi do materia\u0142\u00f3w (w tym zdj\u0119\u0107 i [&hellip;]\" \/>\n<meta property=\"og:url\" content=\"https:\/\/www.24gliwice.pl\/wiadomosci\/material-partnera-warunki\/\" \/>\n<meta property=\"og:site_name\" content=\"24GLIWICE - Portal Gliwice | codziennie nowe informacje\" \/>\n<meta property=\"article:publisher\" content=\"https:\/\/www.facebook.com\/24gliwice\" \/>\n<meta property=\"article:modified_time\" content=\"2025-01-20T22:31:58+00:00\" \/>\n<meta name=\"twitter:card\" content=\"summary_large_image\" \/>\n<meta name=\"twitter:site\" content=\"@24gliwice\" \/>\n<meta name=\"twitter:label1\" content=\"Szacowany czas czytania\" \/>\n\t<meta name=\"twitter:data1\" content=\"1 minuta\" \/>\n<script type=\"application\/ld+json\" class=\"yoast-schema-graph\">{\"@context\":\"https:\\\/\\\/schema.org\",\"@graph\":[{\"@type\":\"WebPage\",\"@id\":\"https:\\\/\\\/www.24gliwice.pl\\\/wiadomosci\\\/material-partnera-warunki\\\/\",\"url\":\"https:\\\/\\\/www.24gliwice.pl\\\/wiadomosci\\\/material-partnera-warunki\\\/\",\"name\":\"materia\u0142 partnera - informacja - 24GLIWICE - Portal Gliwice | codziennie nowe informacje\",\"isPartOf\":{\"@id\":\"https:\\\/\\\/www.24gliwice.pl\\\/wiadomosci\\\/#website\"},\"datePublished\":\"2015-10-16T12:42:43+00:00\",\"dateModified\":\"2025-01-20T22:31:58+00:00\",\"breadcrumb\":{\"@id\":\"https:\\\/\\\/www.24gliwice.pl\\\/wiadomosci\\\/material-partnera-warunki\\\/#breadcrumb\"},\"inLanguage\":\"pl-PL\",\"potentialAction\":[{\"@type\":\"ReadAction\",\"target\":[\"https:\\\/\\\/www.24gliwice.pl\\\/wiadomosci\\\/material-partnera-warunki\\\/\"]}]},{\"@type\":\"BreadcrumbList\",\"@id\":\"https:\\\/\\\/www.24gliwice.pl\\\/wiadomosci\\\/material-partnera-warunki\\\/#breadcrumb\",\"itemListElement\":[{\"@type\":\"ListItem\",\"position\":1,\"name\":\"Strona g\u0142\u00f3wna\",\"item\":\"https:\\\/\\\/www.24gliwice.pl\\\/wiadomosci\\\/\"},{\"@type\":\"ListItem\",\"position\":2,\"name\":\"materia\u0142 partnera &#8211; informacja\"}]},{\"@type\":\"WebSite\",\"@id\":\"https:\\\/\\\/www.24gliwice.pl\\\/wiadomosci\\\/#website\",\"url\":\"https:\\\/\\\/www.24gliwice.pl\\\/wiadomosci\\\/\",\"name\":\"24GLIWICE - Portal Gliwice | codziennie nowe wiadomo\u015bci\",\"description\":\"Portal Miejski Gliwice\",\"publisher\":{\"@id\":\"https:\\\/\\\/www.24gliwice.pl\\\/wiadomosci\\\/#organization\"},\"potentialAction\":[{\"@type\":\"SearchAction\",\"target\":{\"@type\":\"EntryPoint\",\"urlTemplate\":\"https:\\\/\\\/www.24gliwice.pl\\\/wiadomosci\\\/?s={search_term_string}\"},\"query-input\":{\"@type\":\"PropertyValueSpecification\",\"valueRequired\":true,\"valueName\":\"search_term_string\"}}],\"inLanguage\":\"pl-PL\"},{\"@type\":\"Organization\",\"@id\":\"https:\\\/\\\/www.24gliwice.pl\\\/wiadomosci\\\/#organization\",\"name\":\"24gliwice\",\"url\":\"https:\\\/\\\/www.24gliwice.pl\\\/wiadomosci\\\/\",\"logo\":{\"@type\":\"ImageObject\",\"inLanguage\":\"pl-PL\",\"@id\":\"https:\\\/\\\/www.24gliwice.pl\\\/wiadomosci\\\/#\\\/schema\\\/logo\\\/image\\\/\",\"url\":\"https:\\\/\\\/www.24gliwice.pl\\\/wiadomosci\\\/wp-content\\\/uploads\\\/2024\\\/10\\\/24gliwice-logo-696.jpg\",\"contentUrl\":\"https:\\\/\\\/www.24gliwice.pl\\\/wiadomosci\\\/wp-content\\\/uploads\\\/2024\\\/10\\\/24gliwice-logo-696.jpg\",\"width\":696,\"height\":696,\"caption\":\"24gliwice\"},\"image\":{\"@id\":\"https:\\\/\\\/www.24gliwice.pl\\\/wiadomosci\\\/#\\\/schema\\\/logo\\\/image\\\/\"},\"sameAs\":[\"https:\\\/\\\/www.facebook.com\\\/24gliwice\",\"https:\\\/\\\/x.com\\\/24gliwice\",\"https:\\\/\\\/www.youtube.com\\\/@24gliwice\"]}]}<\/script>\n<!-- \/ Yoast SEO plugin. -->","yoast_head_json":{"title":"materia\u0142 partnera - informacja - 24GLIWICE - Portal Gliwice | codziennie nowe informacje","robots":{"index":"index","follow":"follow","max-snippet":"max-snippet:-1","max-image-preview":"max-image-preview:large","max-video-preview":"max-video-preview:-1"},"canonical":"https:\/\/www.24gliwice.pl\/wiadomosci\/material-partnera-warunki\/","og_locale":"pl_PL","og_type":"article","og_title":"materia\u0142 partnera - informacja - 24GLIWICE - Portal Gliwice | codziennie nowe informacje","og_description":"Publikacje oznaczone jako &#8220;materia\u0142 partnera&#8221; stanowi\u0105 tre\u015bci reklamowe, przygotowane i dostarczone w ca\u0142o\u015bci przez podmioty zewn\u0119trzne. Wydawca ani redakcja nie odpowiadaj\u0105 za tre\u015bci o charakterze reklamowym, w tym oznaczone jako &#8220;materia\u0142 partnera&#8221; artyku\u0142y wraz z grafikami i zdj\u0119ciami. Wszelkie kwestie zwi\u0105zane z odpowiedzialno\u015bci\u0105 za tre\u015b\u0107, licencjami czy prawami autorskimi do materia\u0142\u00f3w (w tym zdj\u0119\u0107 i [&hellip;]","og_url":"https:\/\/www.24gliwice.pl\/wiadomosci\/material-partnera-warunki\/","og_site_name":"24GLIWICE - Portal Gliwice | codziennie nowe informacje","article_publisher":"https:\/\/www.facebook.com\/24gliwice","article_modified_time":"2025-01-20T22:31:58+00:00","twitter_card":"summary_large_image","twitter_site":"@24gliwice","twitter_misc":{"Szacowany czas czytania":"1 minuta"},"schema":{"@context":"https:\/\/schema.org","@graph":[{"@type":"WebPage","@id":"https:\/\/www.24gliwice.pl\/wiadomosci\/material-partnera-warunki\/","url":"https:\/\/www.24gliwice.pl\/wiadomosci\/material-partnera-warunki\/","name":"materia\u0142 partnera - informacja - 24GLIWICE - Portal Gliwice | codziennie nowe informacje","isPartOf":{"@id":"https:\/\/www.24gliwice.pl\/wiadomosci\/#website"},"datePublished":"2015-10-16T12:42:43+00:00","dateModified":"2025-01-20T22:31:58+00:00","breadcrumb":{"@id":"https:\/\/www.24gliwice.pl\/wiadomosci\/material-partnera-warunki\/#breadcrumb"},"inLanguage":"pl-PL","potentialAction":[{"@type":"ReadAction","target":["https:\/\/www.24gliwice.pl\/wiadomosci\/material-partnera-warunki\/"]}]},{"@type":"BreadcrumbList","@id":"https:\/\/www.24gliwice.pl\/wiadomosci\/material-partnera-warunki\/#breadcrumb","itemListElement":[{"@type":"ListItem","position":1,"name":"Strona g\u0142\u00f3wna","item":"https:\/\/www.24gliwice.pl\/wiadomosci\/"},{"@type":"ListItem","position":2,"name":"materia\u0142 partnera &#8211; informacja"}]},{"@type":"WebSite","@id":"https:\/\/www.24gliwice.pl\/wiadomosci\/#website","url":"https:\/\/www.24gliwice.pl\/wiadomosci\/","name":"24GLIWICE - Portal Gliwice | codziennie nowe wiadomo\u015bci","description":"Portal Miejski Gliwice","publisher":{"@id":"https:\/\/www.24gliwice.pl\/wiadomosci\/#organization"},"potentialAction":[{"@type":"SearchAction","target":{"@type":"EntryPoint","urlTemplate":"https:\/\/www.24gliwice.pl\/wiadomosci\/?s={search_term_string}"},"query-input":{"@type":"PropertyValueSpecification","valueRequired":true,"valueName":"search_term_string"}}],"inLanguage":"pl-PL"},{"@type":"Organization","@id":"https:\/\/www.24gliwice.pl\/wiadomosci\/#organization","name":"24gliwice","url":"https:\/\/www.24gliwice.pl\/wiadomosci\/","logo":{"@type":"ImageObject","inLanguage":"pl-PL","@id":"https:\/\/www.24gliwice.pl\/wiadomosci\/#\/schema\/logo\/image\/","url":"https:\/\/www.24gliwice.pl\/wiadomosci\/wp-content\/uploads\/2024\/10\/24gliwice-logo-696.jpg","contentUrl":"https:\/\/www.24gliwice.pl\/wiadomosci\/wp-content\/uploads\/2024\/10\/24gliwice-logo-696.jpg","width":696,"height":696,"caption":"24gliwice"},"image":{"@id":"https:\/\/www.24gliwice.pl\/wiadomosci\/#\/schema\/logo\/image\/"},"sameAs":["https:\/\/www.facebook.com\/24gliwice","https:\/\/x.com\/24gliwice","https:\/\/www.youtube.com\/@24gliwice"]}]}},"_links":{"self":[{"href":"https:\/\/www.24gliwice.pl\/wiadomosci\/wp-json\/wp\/v2\/pages\/243886","targetHints":{"allow":["GET"]}}],"collection":[{"href":"https:\/\/www.24gliwice.pl\/wiadomosci\/wp-json\/wp\/v2\/pages"}],"about":[{"href":"https:\/\/www.24gliwice.pl\/wiadomosci\/wp-json\/wp\/v2\/types\/page"}],"author":[{"embeddable":true,"href":"https:\/\/www.24gliwice.pl\/wiadomosci\/wp-json\/wp\/v2\/users\/4"}],"replies":[{"embeddable":true,"href":"https:\/\/www.24gliwice.pl\/wiadomosci\/wp-json\/wp\/v2\/comments?post=243886"}],"version-history":[{"count":0,"href":"https:\/\/www.24gliwice.pl\/wiadomosci\/wp-json\/wp\/v2\/pages\/243886\/revisions"}],"wp:attachment":[{"href":"https:\/\/www.24gliwice.pl\/wiadomosci\/wp-json\/wp\/v2\/media?parent=243886"}],"curies":[{"name":"wp","href":"https:\/\/api.w.org\/{rel}","templated":true}]}}