{"id":90809,"date":"2016-11-30T13:53:23","date_gmt":"2016-11-30T12:53:23","guid":{"rendered":"http:\/\/www.24gliwice.pl\/wiadomosci\/?page_id=90809"},"modified":"2025-04-10T16:27:57","modified_gmt":"2025-04-10T14:27:57","slug":"teksty-sponsorowane","status":"publish","type":"page","link":"https:\/\/www.24gliwice.pl\/wiadomosci\/teksty-sponsorowane\/","title":{"rendered":"Publikacje sponsorowane"},"content":{"rendered":"<div class=\"gliwi-a6-nad-leadem-artykulow gliwi-entity-placement\" id=\"gliwi-4189371947\"><div class=\"gliwi-adlabel\"><span style=\"font-size: 9px\">REKLAMA<\/span><\/div><div id=\"gliwi-3799613540\" style=\"margin-bottom: 25px;margin-left: auto;margin-right: auto;text-align: center;\"><a data-no-instant=\"1\" href=\"https:\/\/dom100.eu\/\" rel=\"noopener\" class=\"a2t-link\" target=\"_blank\" aria-label=\"20260313 dom100 750X200 0326 DO Pyskowice Domy\"><img loading=\"lazy\" decoding=\"async\" src=\"https:\/\/www.24gliwice.pl\/wiadomosci\/wp-content\/uploads\/2025\/09\/20260313-dom100-750X200-0326-DO-Pyskowice-Domy.jpg\" alt=\"\"  srcset=\"https:\/\/www.24gliwice.pl\/wiadomosci\/wp-content\/uploads\/2025\/09\/20260313-dom100-750X200-0326-DO-Pyskowice-Domy.jpg 750w, https:\/\/www.24gliwice.pl\/wiadomosci\/wp-content\/uploads\/2025\/09\/20260313-dom100-750X200-0326-DO-Pyskowice-Domy-410x109.jpg 410w\" sizes=\"(max-width: 750px) 100vw, 750px\" class=\"no-lazyload\" width=\"750\" height=\"200\"  style=\"display: inline-block; max-width: 100%; height: auto;\" \/><\/a><\/div><\/div><a class=\"mks_button mks_button_small squared\" href=\"\/wiadomosci\/kontakt\" target=\"_self\" style=\"color: #FFFFFF; background-color: #6d6d6d;\" ><i class=\"fa fa-envelope-o\"><\/i>Kontakt<\/a><a class=\"mks_button mks_button_small squared\" href=\"\/wiadomosci\/onas\" target=\"_self\" style=\"color: #FFFFFF; background-color: #6d6d6d;\" ><i class=\"fa fa-list-alt\"><\/i>O nas<\/a><a class=\"mks_button mks_button_small squared\" href=\"\/wiadomosci\/reklama\" target=\"_self\" style=\"color: #FFFFFF; background-color: #dd0000;\" ><i class=\"fa fa-signal\"><\/i>Reklama<\/a><a class=\"mks_button mks_button_small squared\" href=\"\/wiadomosci\/teksty-sponsorowane\/\" target=\"_self\" style=\"color: #FFFFFF; background-color: #dd0000;\" ><i class=\"fa fa-pencil\"><\/i>Publikacje p\u0142atne<\/a><a class=\"mks_button mks_button_small squared\" href=\"\/wiadomosci\/patronaty\" target=\"_self\" style=\"color: #FFFFFF; background-color: #424242;\" ><i class=\"fa fa-rss\"><\/i>Patronaty<\/a>\n<hr \/>\n<h4>Oferujemy mo\u017cliwo\u015b\u0107 publikacji tekst\u00f3w na portalu w formie materia\u0142u sponsorowanego.<\/h4>\n<p>Dobre wyeksponowanie informacji tekstowej lub wideo, po\u0142\u0105czone z mo\u017cliwo\u015bci\u0105 atrakcyjnego zaprezentowania tre\u015bci, w wielu przypadkach mo\u017ce by\u0107 marketingowo skuteczniejsze od tradycyjnych baner\u00f3w.<br \/>\n<strong>Niekwestionowana pozycja lidera w\u015br\u00f3d portali informacyjnych w Gliwicach<\/strong> gwarantuje dotarcie do maksymalnej liczby lokalnych Czytelnik\u00f3w.<\/p>\n<p><strong>Sekcja POLECAMY jest widoczna pod najnowszymi wiadomo\u015bciami na stronie g\u0142\u00f3wnej portalu<\/strong>. Nag\u0142\u00f3wki wy\u015bwietlaj\u0105 si\u0119 w losowej kolejno\u015bci.<\/p><div class=\"gliwi-a3-w-tresci-artykulow gliwi-entity-placement\" style=\"text-align: center;\" id=\"gliwi-2935633471\"><div class=\"gliwi-adlabel\"><span style=\"font-size: 9px\">REKLAMA<\/span><\/div><div id=\"gliwi-3559174558\" style=\"margin-bottom: 19px;margin-left: auto;margin-right: auto;text-align: center;\"><a data-no-instant=\"1\" href=\"https:\/\/zlobek.halogen.org.pl\/\" rel=\"noopener\" class=\"a2t-link\" target=\"_blank\" aria-label=\"animator-zlobek_750x200\"><img loading=\"lazy\" decoding=\"async\" src=\"https:\/\/www.24gliwice.pl\/wiadomosci\/wp-content\/uploads\/2026\/02\/animator-zlobek_750x200.webp\" alt=\"\"  srcset=\"https:\/\/www.24gliwice.pl\/wiadomosci\/wp-content\/uploads\/2026\/02\/animator-zlobek_750x200.webp 750w, https:\/\/www.24gliwice.pl\/wiadomosci\/wp-content\/uploads\/2026\/02\/animator-zlobek_750x200-410x109.webp 410w\" sizes=\"(max-width: 750px) 100vw, 750px\" class=\"no-lazyload\" width=\"750\" height=\"200\"  style=\"display: inline-block; max-width: 100%; height: auto;\" \/><\/a><\/div><\/div>\n<p><img loading=\"lazy\" decoding=\"async\" src=\"https:\/\/www.24gliwice.pl\/wiadomosci\/wp-content\/uploads\/2022\/04\/polecamy-portal-1.jpg\" alt=\"\" width=\"729\" height=\"825\" class=\"aligncenter size-full wp-image-189840\" srcset=\"https:\/\/www.24gliwice.pl\/wiadomosci\/wp-content\/uploads\/2022\/04\/polecamy-portal-1.jpg 729w, https:\/\/www.24gliwice.pl\/wiadomosci\/wp-content\/uploads\/2022\/04\/polecamy-portal-1-205x232.jpg 205w, https:\/\/www.24gliwice.pl\/wiadomosci\/wp-content\/uploads\/2022\/04\/polecamy-portal-1-402x455.jpg 402w\" sizes=\"auto, (max-width: 729px) 100vw, 729px\" \/><\/p>\n<p><strong>Ceny netto (bez VAT 23%)<\/strong><\/p>\n<h2><span style=\"color: #c70808;\">Koszt publikacji gotowego tekstu<\/span><\/h2>\n<p>W zale\u017cno\u015bci od wybranego wariantu:<br \/>\n<strong>350,00<\/strong> z\u0142 za 7 dni promocji na str. g\u0142\u00f3wnej w sekcji POLECAMY<br \/>\n550,00 z\u0142 za 14 dni promocji na str. g\u0142\u00f3wnej w sekcji POLECAMY<br \/>\n240,00 z\u0142 bez widoczno\u015bci na stronie g\u0142\u00f3wnej<\/p>\n<p>Dop\u0142ata +100% &#8211; artyku\u0142y zawieraj\u0105ce promocj\u0119 zak\u0142ad\u00f3w bukmacherskich (tylko legalnych) <\/p>\n<p>Powy\u017csze ceny dotycz\u0105 publikacji materia\u0142u dostarczonego przez Klienta<\/p>\n<p><strong>Specyfikacja techniczna tekstu<\/strong><br \/>\n&#8211; D\u0142ugo\u015b\u0107 tytu\u0142u: 40-85 znak\u00f3w<br \/>\n&#8211; Zalecana d\u0142ugo\u015b\u0107 tekstu: 2000-5000 znak\u00f3w<br \/>\n&#8211; Mo\u017ce zawiera\u0107 maksymalnie 3 linki dofollow<br \/>\n&#8211; Musi zawiera\u0107 min. 1 zdj\u0119cie (maksymalnie 3), (proporcje 16:9, minimalna szeroko\u015b\u0107 1140px). Zalecamy, \u017ceby zdj\u0119cie g\u0142\u00f3wne nie by\u0142o grafik\u0105\/reklam\u0105 z dominuj\u0105cymi napisami.<br \/>\n&#8211; Ka\u017cde zdj\u0119cie musi mie\u0107 opisane \u017ar\u00f3d\u0142o lub autora.<\/p>\n<p>Zmiana w tek\u015bcie:<br \/>\n90,00 z\u0142 za ka\u017cd\u0105 zmian\u0119 w tekstach sponsorowanych starszych ni\u017c 1 miesi\u0105c. Zmiana mo\u017ce dotyczy\u0107 do 100 s\u0142\u00f3w lub istniej\u0105cych link\u00f3w. Zmiana mo\u017ce by\u0107 wprowadzona wy\u0142\u0105cznie na \u017cyczenie zleceniodawcy publikacji.<\/p>\n<p>\nUwagi dodatkowe<br \/>\nPublikacje sponsorowane domy\u015blnie maj\u0105 wy\u0142\u0105czon\u0105 opcj\u0119 komentowania na portalu. Po wykupionym okresie promocji, tekst jest przenoszony do archiwum i pozostaje dost\u0119pny z poziomu wyszukiwarki na czas nieokre\u015blony, nie kr\u00f3tszy ni\u017c 3 lata.<br \/>\n<br \/>\n<span style=\"color: #ff0000;\"><strong>Nie publikujemy tre\u015bci<\/strong>: niezgodnych z obowi\u0105zuj\u0105cym w Polsce prawem, tre\u015bci promuj\u0105cych gry hazardowe, kasyna, tre\u015bci o charakterze erotycznym, kontrowersyjnych obyczajowo. Nie zamieszczamy tre\u015bci promuj\u0105cych parabanki, chwil\u00f3wki, kryptowaluty, dopalacze, narkotyki, leki. <\/span><\/p>\n<h2><span style=\"color: #c70808;\">Facebook<\/span><\/h2>\n<p>Oferujemy r\u00f3wnie\u017c mo\u017cliwo\u015b\u0107 promocji w mediach spo\u0142eczno\u015bciowych Facebook 24GLIWICE. Link lub post musi mie\u0107 zwi\u0105zek z Gliwicami lub dzia\u0142alno\u015bci\u0105 prowadzon\u0105 w Gliwicach\/najbli\u017cszej okolicy.<\/p>\n<p>&#8211; podlinkowanie tekstu sponsorowanego z 24gliwice.pl, dop\u0142ata = 240 z\u0142<br \/>\n&#8211; umieszczenie posta tylko na Facebooku (bez portalu) = 390 z\u0142<\/p>\n<hr \/>\n<p>Nie oferujemy opracowania tekst\u00f3w reklamowych.<\/p>\n<hr \/>\n<p><small>Do podanych cen nale\u017cy doliczy\u0107 VAT 23%. Kopiowanie powy\u017cszego opracowania w ca\u0142o\u015bci lub we fragmentach jest zabronione.<br \/>\nOferta jest skierowana wy\u0142\u0105cznie do firm\/instytucji\/podmiot\u00f3w pos\u0142uguj\u0105cych si\u0119 aktywnym NIP. Nie \u015bwiadczymy us\u0142ug dla os\u00f3b prywatnych.<\/small><\/p>\n<hr \/>\n<a class=\"mks_button mks_button_small squared\" href=\"\/wiadomosci\/kontakt\" target=\"_self\" style=\"color: #FFFFFF; background-color: #6d6d6d;\" ><i class=\"fa fa-envelope-o\"><\/i>Kontakt<\/a><a class=\"mks_button mks_button_small squared\" href=\"\/wiadomosci\/onas\" target=\"_self\" style=\"color: #FFFFFF; background-color: #6d6d6d;\" ><i class=\"fa fa-list-alt\"><\/i>O nas<\/a><a class=\"mks_button mks_button_small squared\" href=\"\/wiadomosci\/reklama\" target=\"_self\" style=\"color: #FFFFFF; background-color: #dd0000;\" ><i class=\"fa fa-signal\"><\/i>Reklama<\/a><a class=\"mks_button mks_button_small squared\" href=\"\/wiadomosci\/teksty-sponsorowane\/\" target=\"_self\" style=\"color: #FFFFFF; background-color: #dd0000;\" ><i class=\"fa fa-pencil\"><\/i>Publikacje p\u0142atne<\/a><a class=\"mks_button mks_button_small squared\" href=\"\/wiadomosci\/patronaty\" target=\"_self\" style=\"color: #FFFFFF; background-color: #424242;\" ><i class=\"fa fa-rss\"><\/i>Patronaty<\/a>\n<div class=\"gliwi-a5-na-koncu-artykulow gliwi-entity-placement\" style=\"text-align: center;\" id=\"gliwi-974534164\"><div class=\"gliwi-adlabel\"><span style=\"font-size: 9px\">REKLAMA<\/span><\/div><div id=\"gliwi-2318709839\" style=\"margin-left: auto;margin-right: auto;text-align: center;\"><a data-no-instant=\"1\" href=\"https:\/\/prezeroarenagliwice.pl\/\" rel=\"noopener\" class=\"a2t-link\" target=\"_blank\" aria-label=\"20260309-PREZERO-WIOSNA-D\"><img loading=\"lazy\" decoding=\"async\" src=\"https:\/\/www.24gliwice.pl\/wiadomosci\/wp-content\/uploads\/2026\/03\/20260309-PREZERO-WIOSNA-D.webp\" alt=\"\"  srcset=\"https:\/\/www.24gliwice.pl\/wiadomosci\/wp-content\/uploads\/2026\/03\/20260309-PREZERO-WIOSNA-D.webp 750w, https:\/\/www.24gliwice.pl\/wiadomosci\/wp-content\/uploads\/2026\/03\/20260309-PREZERO-WIOSNA-D-410x109.webp 410w\" sizes=\"(max-width: 750px) 100vw, 750px\" class=\"no-lazyload\" width=\"750\" height=\"200\"  style=\"display: inline-block; max-width: 100%; height: auto;\" \/><\/a><\/div><\/div>","protected":false},"excerpt":{"rendered":"<p>Oferujemy mo\u017cliwo\u015b\u0107 publikacji tekst\u00f3w na portalu w formie materia\u0142u sponsorowanego. Dobre wyeksponowanie informacji tekstowej lub wideo, po\u0142\u0105czone z mo\u017cliwo\u015bci\u0105 atrakcyjnego zaprezentowania tre\u015bci, w wielu przypadkach mo\u017ce by\u0107 marketingowo skuteczniejsze od tradycyjnych baner\u00f3w. Niekwestionowana pozycja lidera w\u015br\u00f3d portali informacyjnych w Gliwicach gwarantuje dotarcie do maksymalnej liczby lokalnych Czytelnik\u00f3w. Sekcja POLECAMY jest widoczna pod najnowszymi wiadomo\u015bciami na [&hellip;]<\/p>\n","protected":false},"author":4,"featured_media":90724,"parent":0,"menu_order":0,"comment_status":"closed","ping_status":"closed","template":"","meta":{"_monsterinsights_skip_tracking":false,"_monsterinsights_sitenote_active":false,"_monsterinsights_sitenote_note":"","_monsterinsights_sitenote_category":0,"footnotes":"","_links_to":"","_links_to_target":""},"class_list":["post-90809","page","type-page","status-publish","has-post-thumbnail","hentry"],"yoast_head":"<!-- This site is optimized with the Yoast SEO plugin v27.3 - https:\/\/yoast.com\/product\/yoast-seo-wordpress\/ -->\n<title>Publikacje sponsorowane - 24GLIWICE - Portal Gliwice | codziennie nowe informacje<\/title>\n<meta name=\"robots\" content=\"index, follow, max-snippet:-1, max-image-preview:large, max-video-preview:-1\" \/>\n<link rel=\"canonical\" href=\"https:\/\/www.24gliwice.pl\/wiadomosci\/teksty-sponsorowane\/\" \/>\n<meta property=\"og:locale\" content=\"pl_PL\" \/>\n<meta property=\"og:type\" content=\"article\" \/>\n<meta property=\"og:title\" content=\"Publikacje sponsorowane - 24GLIWICE - Portal Gliwice | codziennie nowe informacje\" \/>\n<meta property=\"og:description\" content=\"Oferujemy mo\u017cliwo\u015b\u0107 publikacji tekst\u00f3w na portalu w formie materia\u0142u sponsorowanego. Dobre wyeksponowanie informacji tekstowej lub wideo, po\u0142\u0105czone z mo\u017cliwo\u015bci\u0105 atrakcyjnego zaprezentowania tre\u015bci, w wielu przypadkach mo\u017ce by\u0107 marketingowo skuteczniejsze od tradycyjnych baner\u00f3w. Niekwestionowana pozycja lidera w\u015br\u00f3d portali informacyjnych w Gliwicach gwarantuje dotarcie do maksymalnej liczby lokalnych Czytelnik\u00f3w. Sekcja POLECAMY jest widoczna pod najnowszymi wiadomo\u015bciami na [&hellip;]\" \/>\n<meta property=\"og:url\" content=\"https:\/\/www.24gliwice.pl\/wiadomosci\/teksty-sponsorowane\/\" \/>\n<meta property=\"og:site_name\" content=\"24GLIWICE - Portal Gliwice | codziennie nowe informacje\" \/>\n<meta property=\"article:publisher\" content=\"https:\/\/www.facebook.com\/24gliwice\" \/>\n<meta property=\"article:modified_time\" content=\"2025-04-10T14:27:57+00:00\" \/>\n<meta property=\"og:image\" content=\"https:\/\/www.24gliwice.pl\/wiadomosci\/wp-content\/uploads\/2016\/11\/redakcja.jpg\" \/>\n\t<meta property=\"og:image:width\" content=\"810\" \/>\n\t<meta property=\"og:image:height\" content=\"213\" \/>\n\t<meta property=\"og:image:type\" content=\"image\/jpeg\" \/>\n<meta name=\"twitter:card\" content=\"summary_large_image\" \/>\n<meta name=\"twitter:site\" content=\"@24gliwice\" \/>\n<meta name=\"twitter:label1\" content=\"Szacowany czas czytania\" \/>\n\t<meta name=\"twitter:data1\" content=\"4 minuty\" \/>\n<script type=\"application\/ld+json\" class=\"yoast-schema-graph\">{\"@context\":\"https:\\\/\\\/schema.org\",\"@graph\":[{\"@type\":\"WebPage\",\"@id\":\"https:\\\/\\\/www.24gliwice.pl\\\/wiadomosci\\\/teksty-sponsorowane\\\/\",\"url\":\"https:\\\/\\\/www.24gliwice.pl\\\/wiadomosci\\\/teksty-sponsorowane\\\/\",\"name\":\"Publikacje sponsorowane - 24GLIWICE - Portal Gliwice | codziennie nowe informacje\",\"isPartOf\":{\"@id\":\"https:\\\/\\\/www.24gliwice.pl\\\/wiadomosci\\\/#website\"},\"primaryImageOfPage\":{\"@id\":\"https:\\\/\\\/www.24gliwice.pl\\\/wiadomosci\\\/teksty-sponsorowane\\\/#primaryimage\"},\"image\":{\"@id\":\"https:\\\/\\\/www.24gliwice.pl\\\/wiadomosci\\\/teksty-sponsorowane\\\/#primaryimage\"},\"thumbnailUrl\":\"https:\\\/\\\/www.24gliwice.pl\\\/wiadomosci\\\/wp-content\\\/uploads\\\/2016\\\/11\\\/redakcja.jpg\",\"datePublished\":\"2016-11-30T12:53:23+00:00\",\"dateModified\":\"2025-04-10T14:27:57+00:00\",\"breadcrumb\":{\"@id\":\"https:\\\/\\\/www.24gliwice.pl\\\/wiadomosci\\\/teksty-sponsorowane\\\/#breadcrumb\"},\"inLanguage\":\"pl-PL\",\"potentialAction\":[{\"@type\":\"ReadAction\",\"target\":[\"https:\\\/\\\/www.24gliwice.pl\\\/wiadomosci\\\/teksty-sponsorowane\\\/\"]}]},{\"@type\":\"ImageObject\",\"inLanguage\":\"pl-PL\",\"@id\":\"https:\\\/\\\/www.24gliwice.pl\\\/wiadomosci\\\/teksty-sponsorowane\\\/#primaryimage\",\"url\":\"https:\\\/\\\/www.24gliwice.pl\\\/wiadomosci\\\/wp-content\\\/uploads\\\/2016\\\/11\\\/redakcja.jpg\",\"contentUrl\":\"https:\\\/\\\/www.24gliwice.pl\\\/wiadomosci\\\/wp-content\\\/uploads\\\/2016\\\/11\\\/redakcja.jpg\",\"width\":810,\"height\":213},{\"@type\":\"BreadcrumbList\",\"@id\":\"https:\\\/\\\/www.24gliwice.pl\\\/wiadomosci\\\/teksty-sponsorowane\\\/#breadcrumb\",\"itemListElement\":[{\"@type\":\"ListItem\",\"position\":1,\"name\":\"Strona g\u0142\u00f3wna\",\"item\":\"https:\\\/\\\/www.24gliwice.pl\\\/wiadomosci\\\/\"},{\"@type\":\"ListItem\",\"position\":2,\"name\":\"Publikacje sponsorowane\"}]},{\"@type\":\"WebSite\",\"@id\":\"https:\\\/\\\/www.24gliwice.pl\\\/wiadomosci\\\/#website\",\"url\":\"https:\\\/\\\/www.24gliwice.pl\\\/wiadomosci\\\/\",\"name\":\"24GLIWICE - Portal Gliwice | codziennie nowe wiadomo\u015bci\",\"description\":\"Portal Miejski Gliwice\",\"publisher\":{\"@id\":\"https:\\\/\\\/www.24gliwice.pl\\\/wiadomosci\\\/#organization\"},\"potentialAction\":[{\"@type\":\"SearchAction\",\"target\":{\"@type\":\"EntryPoint\",\"urlTemplate\":\"https:\\\/\\\/www.24gliwice.pl\\\/wiadomosci\\\/?s={search_term_string}\"},\"query-input\":{\"@type\":\"PropertyValueSpecification\",\"valueRequired\":true,\"valueName\":\"search_term_string\"}}],\"inLanguage\":\"pl-PL\"},{\"@type\":\"Organization\",\"@id\":\"https:\\\/\\\/www.24gliwice.pl\\\/wiadomosci\\\/#organization\",\"name\":\"24gliwice\",\"url\":\"https:\\\/\\\/www.24gliwice.pl\\\/wiadomosci\\\/\",\"logo\":{\"@type\":\"ImageObject\",\"inLanguage\":\"pl-PL\",\"@id\":\"https:\\\/\\\/www.24gliwice.pl\\\/wiadomosci\\\/#\\\/schema\\\/logo\\\/image\\\/\",\"url\":\"https:\\\/\\\/www.24gliwice.pl\\\/wiadomosci\\\/wp-content\\\/uploads\\\/2024\\\/10\\\/24gliwice-logo-696.jpg\",\"contentUrl\":\"https:\\\/\\\/www.24gliwice.pl\\\/wiadomosci\\\/wp-content\\\/uploads\\\/2024\\\/10\\\/24gliwice-logo-696.jpg\",\"width\":696,\"height\":696,\"caption\":\"24gliwice\"},\"image\":{\"@id\":\"https:\\\/\\\/www.24gliwice.pl\\\/wiadomosci\\\/#\\\/schema\\\/logo\\\/image\\\/\"},\"sameAs\":[\"https:\\\/\\\/www.facebook.com\\\/24gliwice\",\"https:\\\/\\\/x.com\\\/24gliwice\",\"https:\\\/\\\/www.youtube.com\\\/@24gliwice\"]}]}<\/script>\n<!-- \/ Yoast SEO plugin. -->","yoast_head_json":{"title":"Publikacje sponsorowane - 24GLIWICE - Portal Gliwice | codziennie nowe informacje","robots":{"index":"index","follow":"follow","max-snippet":"max-snippet:-1","max-image-preview":"max-image-preview:large","max-video-preview":"max-video-preview:-1"},"canonical":"https:\/\/www.24gliwice.pl\/wiadomosci\/teksty-sponsorowane\/","og_locale":"pl_PL","og_type":"article","og_title":"Publikacje sponsorowane - 24GLIWICE - Portal Gliwice | codziennie nowe informacje","og_description":"Oferujemy mo\u017cliwo\u015b\u0107 publikacji tekst\u00f3w na portalu w formie materia\u0142u sponsorowanego. Dobre wyeksponowanie informacji tekstowej lub wideo, po\u0142\u0105czone z mo\u017cliwo\u015bci\u0105 atrakcyjnego zaprezentowania tre\u015bci, w wielu przypadkach mo\u017ce by\u0107 marketingowo skuteczniejsze od tradycyjnych baner\u00f3w. Niekwestionowana pozycja lidera w\u015br\u00f3d portali informacyjnych w Gliwicach gwarantuje dotarcie do maksymalnej liczby lokalnych Czytelnik\u00f3w. Sekcja POLECAMY jest widoczna pod najnowszymi wiadomo\u015bciami na [&hellip;]","og_url":"https:\/\/www.24gliwice.pl\/wiadomosci\/teksty-sponsorowane\/","og_site_name":"24GLIWICE - Portal Gliwice | codziennie nowe informacje","article_publisher":"https:\/\/www.facebook.com\/24gliwice","article_modified_time":"2025-04-10T14:27:57+00:00","og_image":[{"width":810,"height":213,"url":"https:\/\/www.24gliwice.pl\/wiadomosci\/wp-content\/uploads\/2016\/11\/redakcja.jpg","type":"image\/jpeg"}],"twitter_card":"summary_large_image","twitter_site":"@24gliwice","twitter_misc":{"Szacowany czas czytania":"4 minuty"},"schema":{"@context":"https:\/\/schema.org","@graph":[{"@type":"WebPage","@id":"https:\/\/www.24gliwice.pl\/wiadomosci\/teksty-sponsorowane\/","url":"https:\/\/www.24gliwice.pl\/wiadomosci\/teksty-sponsorowane\/","name":"Publikacje sponsorowane - 24GLIWICE - Portal Gliwice | codziennie nowe informacje","isPartOf":{"@id":"https:\/\/www.24gliwice.pl\/wiadomosci\/#website"},"primaryImageOfPage":{"@id":"https:\/\/www.24gliwice.pl\/wiadomosci\/teksty-sponsorowane\/#primaryimage"},"image":{"@id":"https:\/\/www.24gliwice.pl\/wiadomosci\/teksty-sponsorowane\/#primaryimage"},"thumbnailUrl":"https:\/\/www.24gliwice.pl\/wiadomosci\/wp-content\/uploads\/2016\/11\/redakcja.jpg","datePublished":"2016-11-30T12:53:23+00:00","dateModified":"2025-04-10T14:27:57+00:00","breadcrumb":{"@id":"https:\/\/www.24gliwice.pl\/wiadomosci\/teksty-sponsorowane\/#breadcrumb"},"inLanguage":"pl-PL","potentialAction":[{"@type":"ReadAction","target":["https:\/\/www.24gliwice.pl\/wiadomosci\/teksty-sponsorowane\/"]}]},{"@type":"ImageObject","inLanguage":"pl-PL","@id":"https:\/\/www.24gliwice.pl\/wiadomosci\/teksty-sponsorowane\/#primaryimage","url":"https:\/\/www.24gliwice.pl\/wiadomosci\/wp-content\/uploads\/2016\/11\/redakcja.jpg","contentUrl":"https:\/\/www.24gliwice.pl\/wiadomosci\/wp-content\/uploads\/2016\/11\/redakcja.jpg","width":810,"height":213},{"@type":"BreadcrumbList","@id":"https:\/\/www.24gliwice.pl\/wiadomosci\/teksty-sponsorowane\/#breadcrumb","itemListElement":[{"@type":"ListItem","position":1,"name":"Strona g\u0142\u00f3wna","item":"https:\/\/www.24gliwice.pl\/wiadomosci\/"},{"@type":"ListItem","position":2,"name":"Publikacje sponsorowane"}]},{"@type":"WebSite","@id":"https:\/\/www.24gliwice.pl\/wiadomosci\/#website","url":"https:\/\/www.24gliwice.pl\/wiadomosci\/","name":"24GLIWICE - Portal Gliwice | codziennie nowe wiadomo\u015bci","description":"Portal Miejski Gliwice","publisher":{"@id":"https:\/\/www.24gliwice.pl\/wiadomosci\/#organization"},"potentialAction":[{"@type":"SearchAction","target":{"@type":"EntryPoint","urlTemplate":"https:\/\/www.24gliwice.pl\/wiadomosci\/?s={search_term_string}"},"query-input":{"@type":"PropertyValueSpecification","valueRequired":true,"valueName":"search_term_string"}}],"inLanguage":"pl-PL"},{"@type":"Organization","@id":"https:\/\/www.24gliwice.pl\/wiadomosci\/#organization","name":"24gliwice","url":"https:\/\/www.24gliwice.pl\/wiadomosci\/","logo":{"@type":"ImageObject","inLanguage":"pl-PL","@id":"https:\/\/www.24gliwice.pl\/wiadomosci\/#\/schema\/logo\/image\/","url":"https:\/\/www.24gliwice.pl\/wiadomosci\/wp-content\/uploads\/2024\/10\/24gliwice-logo-696.jpg","contentUrl":"https:\/\/www.24gliwice.pl\/wiadomosci\/wp-content\/uploads\/2024\/10\/24gliwice-logo-696.jpg","width":696,"height":696,"caption":"24gliwice"},"image":{"@id":"https:\/\/www.24gliwice.pl\/wiadomosci\/#\/schema\/logo\/image\/"},"sameAs":["https:\/\/www.facebook.com\/24gliwice","https:\/\/x.com\/24gliwice","https:\/\/www.youtube.com\/@24gliwice"]}]}},"_links":{"self":[{"href":"https:\/\/www.24gliwice.pl\/wiadomosci\/wp-json\/wp\/v2\/pages\/90809","targetHints":{"allow":["GET"]}}],"collection":[{"href":"https:\/\/www.24gliwice.pl\/wiadomosci\/wp-json\/wp\/v2\/pages"}],"about":[{"href":"https:\/\/www.24gliwice.pl\/wiadomosci\/wp-json\/wp\/v2\/types\/page"}],"author":[{"embeddable":true,"href":"https:\/\/www.24gliwice.pl\/wiadomosci\/wp-json\/wp\/v2\/users\/4"}],"replies":[{"embeddable":true,"href":"https:\/\/www.24gliwice.pl\/wiadomosci\/wp-json\/wp\/v2\/comments?post=90809"}],"version-history":[{"count":92,"href":"https:\/\/www.24gliwice.pl\/wiadomosci\/wp-json\/wp\/v2\/pages\/90809\/revisions"}],"predecessor-version":[{"id":252664,"href":"https:\/\/www.24gliwice.pl\/wiadomosci\/wp-json\/wp\/v2\/pages\/90809\/revisions\/252664"}],"wp:featuredmedia":[{"embeddable":true,"href":"https:\/\/www.24gliwice.pl\/wiadomosci\/wp-json\/wp\/v2\/media\/90724"}],"wp:attachment":[{"href":"https:\/\/www.24gliwice.pl\/wiadomosci\/wp-json\/wp\/v2\/media?parent=90809"}],"curies":[{"name":"wp","href":"https:\/\/api.w.org\/{rel}","templated":true}]}}