{"id":90898,"date":"2016-11-30T20:53:03","date_gmt":"2016-11-30T19:53:03","guid":{"rendered":"http:\/\/www.24gliwice.pl\/wiadomosci\/?page_id=90898"},"modified":"2024-09-26T18:06:28","modified_gmt":"2024-09-26T16:06:28","slug":"patronaty","status":"publish","type":"page","link":"https:\/\/www.24gliwice.pl\/wiadomosci\/patronaty\/","title":{"rendered":"Patronaty"},"content":{"rendered":"<div class=\"gliwi-a6-nad-leadem-artykulow gliwi-entity-placement\" id=\"gliwi-871713108\"><div id=\"gliwi-4199870546\" style=\"margin-bottom: 25px;margin-left: auto;margin-right: auto;text-align: center;\"><a data-no-instant=\"1\" href=\"https:\/\/dom100.eu\/\" rel=\"noopener\" class=\"a2t-link\" target=\"_blank\" aria-label=\"20260504-DOM100-DO-D\"><img loading=\"lazy\" decoding=\"async\" src=\"https:\/\/www.24gliwice.pl\/wiadomosci\/wp-content\/uploads\/2026\/05\/20260504-DOM100-DO-D.webp\" alt=\"\"  srcset=\"https:\/\/www.24gliwice.pl\/wiadomosci\/wp-content\/uploads\/2026\/05\/20260504-DOM100-DO-D.webp 750w, https:\/\/www.24gliwice.pl\/wiadomosci\/wp-content\/uploads\/2026\/05\/20260504-DOM100-DO-D-410x109.webp 410w\" sizes=\"(max-width: 750px) 100vw, 750px\" class=\"no-lazyload\" width=\"750\" height=\"200\"  style=\"display: inline-block; max-width: 100%; height: auto;\" \/><\/a><\/div><\/div><a class=\"mks_button mks_button_small squared\" href=\"\/wiadomosci\/kontakt\" target=\"_self\" style=\"color: #FFFFFF; background-color: #6d6d6d;\" ><i class=\"fa fa-envelope-o\"><\/i>Kontakt<\/a><a class=\"mks_button mks_button_small squared\" href=\"\/wiadomosci\/onas\" target=\"_self\" style=\"color: #FFFFFF; background-color: #6d6d6d;\" ><i class=\"fa fa-list-alt\"><\/i>O nas<\/a><a class=\"mks_button mks_button_small squared\" href=\"\/wiadomosci\/reklama\" target=\"_self\" style=\"color: #FFFFFF; background-color: #dd0000;\" ><i class=\"fa fa-signal\"><\/i>Reklama<\/a><a class=\"mks_button mks_button_small squared\" href=\"\/wiadomosci\/teksty-sponsorowane\/\" target=\"_self\" style=\"color: #FFFFFF; background-color: #dd0000;\" ><i class=\"fa fa-pencil\"><\/i>Publikacje p\u0142atne<\/a><a class=\"mks_button mks_button_small squared\" href=\"\/wiadomosci\/patronaty\" target=\"_self\" style=\"color: #FFFFFF; background-color: #424242;\" ><i class=\"fa fa-rss\"><\/i>Patronaty<\/a>\n<hr \/>\n<h4>Patronat medialny portalu jest form\u0105 promocji wydarze\u0144, dzia\u0142a\u0144 i przedsi\u0119wzi\u0119\u0107 o szczeg\u00f3lnym, istotnym znaczeniu dla lokalnej spo\u0142eczno\u015bci.<\/h4>\n<p>Publikacje w ramach patronatu medialnego s\u0105 obj\u0119te znacznym rabatem w por\u00f3wnaniu ze standardowymi, promocyjnymi publikacjami sponsorowanymi.<\/p>\n<h2><span style=\"color: #c70808;\">Koszt patronatu<\/span><\/h2>\n<p>Pakiet niekomercyjny*: <strong>270,00<\/strong><br \/>\nPakiet komercyjny*: <strong>430,00<\/strong><\/p><div class=\"gliwi-a3-w-tresci-artykulow gliwi-entity-placement\" id=\"gliwi-1857915552\"><div id=\"gliwi-3645946007\" style=\"margin-bottom: 30px;margin-left: auto;margin-right: auto;text-align: center;\"><a data-no-instant=\"1\" href=\"https:\/\/ogrodyandersa.pl\/\" rel=\"noopener\" class=\"a2t-link\" target=\"_blank\" aria-label=\"20260415 Ogrody Andersa KUP TERAZ D\"><img loading=\"lazy\" decoding=\"async\" src=\"https:\/\/www.24gliwice.pl\/wiadomosci\/wp-content\/uploads\/2026\/04\/20260415-Ogrody-Andersa-KUP-TERAZ-D.jpg\" alt=\"\"  srcset=\"https:\/\/www.24gliwice.pl\/wiadomosci\/wp-content\/uploads\/2026\/04\/20260415-Ogrody-Andersa-KUP-TERAZ-D.jpg 750w, https:\/\/www.24gliwice.pl\/wiadomosci\/wp-content\/uploads\/2026\/04\/20260415-Ogrody-Andersa-KUP-TERAZ-D-410x109.jpg 410w\" sizes=\"(max-width: 750px) 100vw, 750px\" class=\"no-lazyload\" width=\"750\" height=\"200\"  style=\"display: inline-block; max-width: 100%; height: auto;\" \/><\/a><\/div><\/div>\n<p>W ramach pakietu zapewniamy jednokrotn\u0105 publikacj\u0119 w sekcji POLECAMY tekstu przygotowanego przez Organizatora wydarzenia\/przedsi\u0119wzi\u0119cia  oraz jednokrotne zamieszczenie odno\u015bnika do tekstu na Facebooku 24gliwice.<\/p>\n<p>*)Pakiet niekomercyjny skierowany jest wy\u0142\u0105cznie do Organizator\u00f3w otwartych wydarze\u0144\/przedsi\u0119wzi\u0119\u0107 o charakterze niekomercyjnym, bez dofinasowania zewn\u0119trznego, bez p\u0142atnego wst\u0119pu. Pakiet komercyjny skierowany jest do Organizator\u00f3w wydarze\u0144\/przedsi\u0119wzi\u0119\u0107 o charakterze komercyjnym i wydarze\u0144 z dofinansowaniem zewn\u0119trznym (np. unijne, samorz\u0105dowe).<\/p>\n<p><strong>Specyfikacja techniczna tekstu<\/strong><br \/>\n&#8211; D\u0142ugo\u015b\u0107 tytu\u0142u: 40-85 znak\u00f3w<br \/>\n&#8211; Zalecana d\u0142ugo\u015b\u0107 tekstu: 2000-5000 znak\u00f3w<br \/>\n&#8211; Mo\u017ce zawiera\u0107 maksymalnie 3 linki<br \/>\n&#8211; Musi zawiera\u0107 min. 1 zdj\u0119cie (maksymalnie 3), (proporcje 16:9, minimalna szeroko\u015b\u0107 810px). Zdj\u0119cie g\u0142\u00f3wne nie mo\u017ce by\u0107 grafik\u0105\/reklam\u0105 z dominuj\u0105cymi napisami.<\/p>\n<h2><span style=\"color: #c70808;\">Informacje dodatkowe<\/span><\/h2>\n<p>W przypadku obj\u0119cia patronatem cyklu imprez i konieczno\u015bci ponawiania publikacji, koszt us\u0142ugi ustalany jest indywidualne.<\/p>\n<p>W ramach patronatu Organizator zobowi\u0105zany jest do zamieszczenia w materia\u0142ach promocyjnych (w tym na ulotkach i stronie www) logotypu portalu 24gliwice. <\/p>\n<hr\/>\n<p>Do podanych cen nale\u017cy doliczy\u0107 VAT 23%. Kopiowanie powy\u017cszego opracowania w ca\u0142o\u015bci lub we fragmentach jest zabronione.<br \/>\nOferta jest skierowana wy\u0142\u0105cznie do firm\/instytucji\/podmiot\u00f3w pos\u0142uguj\u0105cych si\u0119 aktywnym NIP. Nie \u015bwiadczymy us\u0142ug dla os\u00f3b prywatnych.<\/p>\n<hr \/>\n<a class=\"mks_button mks_button_small squared\" href=\"\/wiadomosci\/kontakt\" target=\"_self\" style=\"color: #FFFFFF; background-color: #6d6d6d;\" ><i class=\"fa fa-envelope-o\"><\/i>Kontakt<\/a><a class=\"mks_button mks_button_small squared\" href=\"\/wiadomosci\/onas\" target=\"_self\" style=\"color: #FFFFFF; background-color: #6d6d6d;\" ><i class=\"fa fa-list-alt\"><\/i>O nas<\/a><a class=\"mks_button mks_button_small squared\" href=\"\/wiadomosci\/reklama\" target=\"_self\" style=\"color: #FFFFFF; background-color: #dd0000;\" ><i class=\"fa fa-signal\"><\/i>Reklama<\/a><a class=\"mks_button mks_button_small squared\" href=\"\/wiadomosci\/teksty-sponsorowane\/\" target=\"_self\" style=\"color: #FFFFFF; background-color: #dd0000;\" ><i class=\"fa fa-pencil\"><\/i>Publikacje p\u0142atne<\/a><a class=\"mks_button mks_button_small squared\" href=\"\/wiadomosci\/patronaty\" target=\"_self\" style=\"color: #FFFFFF; background-color: #424242;\" ><i class=\"fa fa-rss\"><\/i>Patronaty<\/a>\n<div class=\"gliwi-a5-na-koncu-artykulow gliwi-entity-placement\" id=\"gliwi-4202920857\"><div id=\"gliwi-2737122117\" style=\"margin-left: auto;margin-right: auto;text-align: center;\"><a data-no-instant=\"1\" href=\"https:\/\/fence-konferencja.pl\/\" rel=\"noopener\" class=\"a2t-link\" target=\"_blank\" aria-label=\"20260506 PREZERO ARENA FENCE 750 200 2\"><img loading=\"lazy\" decoding=\"async\" src=\"https:\/\/www.24gliwice.pl\/wiadomosci\/wp-content\/uploads\/2026\/03\/20260506-PREZERO-ARENA-FENCE-750-200-2.png\" alt=\"\"  srcset=\"https:\/\/www.24gliwice.pl\/wiadomosci\/wp-content\/uploads\/2026\/03\/20260506-PREZERO-ARENA-FENCE-750-200-2.png 750w, https:\/\/www.24gliwice.pl\/wiadomosci\/wp-content\/uploads\/2026\/03\/20260506-PREZERO-ARENA-FENCE-750-200-2-410x109.png 410w\" sizes=\"(max-width: 750px) 100vw, 750px\" class=\"no-lazyload\" width=\"750\" height=\"200\"  style=\"display: inline-block; max-width: 100%; height: auto;\" \/><\/a><\/div><\/div>","protected":false},"excerpt":{"rendered":"<p>Patronat medialny portalu jest form\u0105 promocji wydarze\u0144, dzia\u0142a\u0144 i przedsi\u0119wzi\u0119\u0107 o szczeg\u00f3lnym, istotnym znaczeniu dla lokalnej spo\u0142eczno\u015bci. Publikacje w ramach patronatu medialnego s\u0105 obj\u0119te znacznym rabatem w por\u00f3wnaniu ze standardowymi, promocyjnymi publikacjami sponsorowanymi. Koszt patronatu Pakiet niekomercyjny*: 270,00 Pakiet komercyjny*: 430,00 W ramach pakietu zapewniamy jednokrotn\u0105 publikacj\u0119 w sekcji POLECAMY tekstu przygotowanego przez Organizatora wydarzenia\/przedsi\u0119wzi\u0119cia [&hellip;]<\/p>\n","protected":false},"author":4,"featured_media":90724,"parent":0,"menu_order":0,"comment_status":"closed","ping_status":"closed","template":"","meta":{"_monsterinsights_skip_tracking":false,"_monsterinsights_sitenote_active":false,"_monsterinsights_sitenote_note":"","_monsterinsights_sitenote_category":0,"footnotes":"","_links_to":"","_links_to_target":""},"class_list":["post-90898","page","type-page","status-publish","has-post-thumbnail","hentry"],"yoast_head":"<!-- This site is optimized with the Yoast SEO plugin v27.5 - https:\/\/yoast.com\/product\/yoast-seo-wordpress\/ -->\n<title>Patronaty - 24GLIWICE - Portal Gliwice | codziennie nowe informacje<\/title>\n<meta name=\"robots\" content=\"index, follow, max-snippet:-1, max-image-preview:large, max-video-preview:-1\" \/>\n<link rel=\"canonical\" href=\"https:\/\/www.24gliwice.pl\/wiadomosci\/patronaty\/\" \/>\n<meta property=\"og:locale\" content=\"pl_PL\" \/>\n<meta property=\"og:type\" content=\"article\" \/>\n<meta property=\"og:title\" content=\"Patronaty - 24GLIWICE - Portal Gliwice | codziennie nowe informacje\" \/>\n<meta property=\"og:description\" content=\"Patronat medialny portalu jest form\u0105 promocji wydarze\u0144, dzia\u0142a\u0144 i przedsi\u0119wzi\u0119\u0107 o szczeg\u00f3lnym, istotnym znaczeniu dla lokalnej spo\u0142eczno\u015bci. Publikacje w ramach patronatu medialnego s\u0105 obj\u0119te znacznym rabatem w por\u00f3wnaniu ze standardowymi, promocyjnymi publikacjami sponsorowanymi. Koszt patronatu Pakiet niekomercyjny*: 270,00 Pakiet komercyjny*: 430,00 W ramach pakietu zapewniamy jednokrotn\u0105 publikacj\u0119 w sekcji POLECAMY tekstu przygotowanego przez Organizatora wydarzenia\/przedsi\u0119wzi\u0119cia [&hellip;]\" \/>\n<meta property=\"og:url\" content=\"https:\/\/www.24gliwice.pl\/wiadomosci\/patronaty\/\" \/>\n<meta property=\"og:site_name\" content=\"24GLIWICE - Portal Gliwice | codziennie nowe informacje\" \/>\n<meta property=\"article:publisher\" content=\"https:\/\/www.facebook.com\/24gliwice\" \/>\n<meta property=\"article:modified_time\" content=\"2024-09-26T16:06:28+00:00\" \/>\n<meta property=\"og:image\" content=\"https:\/\/www.24gliwice.pl\/wiadomosci\/wp-content\/uploads\/2016\/11\/redakcja.jpg\" \/>\n\t<meta property=\"og:image:width\" content=\"810\" \/>\n\t<meta property=\"og:image:height\" content=\"213\" \/>\n\t<meta property=\"og:image:type\" content=\"image\/jpeg\" \/>\n<meta name=\"twitter:card\" content=\"summary_large_image\" \/>\n<meta name=\"twitter:site\" content=\"@24gliwice\" \/>\n<meta name=\"twitter:label1\" content=\"Szacowany czas czytania\" \/>\n\t<meta name=\"twitter:data1\" content=\"3 minuty\" \/>\n<script type=\"application\/ld+json\" class=\"yoast-schema-graph\">{\"@context\":\"https:\\\/\\\/schema.org\",\"@graph\":[{\"@type\":\"WebPage\",\"@id\":\"https:\\\/\\\/www.24gliwice.pl\\\/wiadomosci\\\/patronaty\\\/\",\"url\":\"https:\\\/\\\/www.24gliwice.pl\\\/wiadomosci\\\/patronaty\\\/\",\"name\":\"Patronaty - 24GLIWICE - Portal Gliwice | codziennie nowe informacje\",\"isPartOf\":{\"@id\":\"https:\\\/\\\/www.24gliwice.pl\\\/wiadomosci\\\/#website\"},\"primaryImageOfPage\":{\"@id\":\"https:\\\/\\\/www.24gliwice.pl\\\/wiadomosci\\\/patronaty\\\/#primaryimage\"},\"image\":{\"@id\":\"https:\\\/\\\/www.24gliwice.pl\\\/wiadomosci\\\/patronaty\\\/#primaryimage\"},\"thumbnailUrl\":\"https:\\\/\\\/www.24gliwice.pl\\\/wiadomosci\\\/wp-content\\\/uploads\\\/2016\\\/11\\\/redakcja.jpg\",\"datePublished\":\"2016-11-30T19:53:03+00:00\",\"dateModified\":\"2024-09-26T16:06:28+00:00\",\"breadcrumb\":{\"@id\":\"https:\\\/\\\/www.24gliwice.pl\\\/wiadomosci\\\/patronaty\\\/#breadcrumb\"},\"inLanguage\":\"pl-PL\",\"potentialAction\":[{\"@type\":\"ReadAction\",\"target\":[\"https:\\\/\\\/www.24gliwice.pl\\\/wiadomosci\\\/patronaty\\\/\"]}]},{\"@type\":\"ImageObject\",\"inLanguage\":\"pl-PL\",\"@id\":\"https:\\\/\\\/www.24gliwice.pl\\\/wiadomosci\\\/patronaty\\\/#primaryimage\",\"url\":\"https:\\\/\\\/www.24gliwice.pl\\\/wiadomosci\\\/wp-content\\\/uploads\\\/2016\\\/11\\\/redakcja.jpg\",\"contentUrl\":\"https:\\\/\\\/www.24gliwice.pl\\\/wiadomosci\\\/wp-content\\\/uploads\\\/2016\\\/11\\\/redakcja.jpg\",\"width\":810,\"height\":213},{\"@type\":\"BreadcrumbList\",\"@id\":\"https:\\\/\\\/www.24gliwice.pl\\\/wiadomosci\\\/patronaty\\\/#breadcrumb\",\"itemListElement\":[{\"@type\":\"ListItem\",\"position\":1,\"name\":\"Strona g\u0142\u00f3wna\",\"item\":\"https:\\\/\\\/www.24gliwice.pl\\\/wiadomosci\\\/\"},{\"@type\":\"ListItem\",\"position\":2,\"name\":\"Patronaty\"}]},{\"@type\":\"WebSite\",\"@id\":\"https:\\\/\\\/www.24gliwice.pl\\\/wiadomosci\\\/#website\",\"url\":\"https:\\\/\\\/www.24gliwice.pl\\\/wiadomosci\\\/\",\"name\":\"24GLIWICE - Portal Gliwice | codziennie nowe wiadomo\u015bci\",\"description\":\"Portal Miejski Gliwice\",\"publisher\":{\"@id\":\"https:\\\/\\\/www.24gliwice.pl\\\/wiadomosci\\\/#organization\"},\"potentialAction\":[{\"@type\":\"SearchAction\",\"target\":{\"@type\":\"EntryPoint\",\"urlTemplate\":\"https:\\\/\\\/www.24gliwice.pl\\\/wiadomosci\\\/?s={search_term_string}\"},\"query-input\":{\"@type\":\"PropertyValueSpecification\",\"valueRequired\":true,\"valueName\":\"search_term_string\"}}],\"inLanguage\":\"pl-PL\"},{\"@type\":\"Organization\",\"@id\":\"https:\\\/\\\/www.24gliwice.pl\\\/wiadomosci\\\/#organization\",\"name\":\"24gliwice\",\"url\":\"https:\\\/\\\/www.24gliwice.pl\\\/wiadomosci\\\/\",\"logo\":{\"@type\":\"ImageObject\",\"inLanguage\":\"pl-PL\",\"@id\":\"https:\\\/\\\/www.24gliwice.pl\\\/wiadomosci\\\/#\\\/schema\\\/logo\\\/image\\\/\",\"url\":\"https:\\\/\\\/www.24gliwice.pl\\\/wiadomosci\\\/wp-content\\\/uploads\\\/2024\\\/10\\\/24gliwice-logo-696.jpg\",\"contentUrl\":\"https:\\\/\\\/www.24gliwice.pl\\\/wiadomosci\\\/wp-content\\\/uploads\\\/2024\\\/10\\\/24gliwice-logo-696.jpg\",\"width\":696,\"height\":696,\"caption\":\"24gliwice\"},\"image\":{\"@id\":\"https:\\\/\\\/www.24gliwice.pl\\\/wiadomosci\\\/#\\\/schema\\\/logo\\\/image\\\/\"},\"sameAs\":[\"https:\\\/\\\/www.facebook.com\\\/24gliwice\",\"https:\\\/\\\/x.com\\\/24gliwice\",\"https:\\\/\\\/www.youtube.com\\\/@24gliwice\"]}]}<\/script>\n<!-- \/ Yoast SEO plugin. -->","yoast_head_json":{"title":"Patronaty - 24GLIWICE - Portal Gliwice | codziennie nowe informacje","robots":{"index":"index","follow":"follow","max-snippet":"max-snippet:-1","max-image-preview":"max-image-preview:large","max-video-preview":"max-video-preview:-1"},"canonical":"https:\/\/www.24gliwice.pl\/wiadomosci\/patronaty\/","og_locale":"pl_PL","og_type":"article","og_title":"Patronaty - 24GLIWICE - Portal Gliwice | codziennie nowe informacje","og_description":"Patronat medialny portalu jest form\u0105 promocji wydarze\u0144, dzia\u0142a\u0144 i przedsi\u0119wzi\u0119\u0107 o szczeg\u00f3lnym, istotnym znaczeniu dla lokalnej spo\u0142eczno\u015bci. Publikacje w ramach patronatu medialnego s\u0105 obj\u0119te znacznym rabatem w por\u00f3wnaniu ze standardowymi, promocyjnymi publikacjami sponsorowanymi. Koszt patronatu Pakiet niekomercyjny*: 270,00 Pakiet komercyjny*: 430,00 W ramach pakietu zapewniamy jednokrotn\u0105 publikacj\u0119 w sekcji POLECAMY tekstu przygotowanego przez Organizatora wydarzenia\/przedsi\u0119wzi\u0119cia [&hellip;]","og_url":"https:\/\/www.24gliwice.pl\/wiadomosci\/patronaty\/","og_site_name":"24GLIWICE - Portal Gliwice | codziennie nowe informacje","article_publisher":"https:\/\/www.facebook.com\/24gliwice","article_modified_time":"2024-09-26T16:06:28+00:00","og_image":[{"width":810,"height":213,"url":"https:\/\/www.24gliwice.pl\/wiadomosci\/wp-content\/uploads\/2016\/11\/redakcja.jpg","type":"image\/jpeg"}],"twitter_card":"summary_large_image","twitter_site":"@24gliwice","twitter_misc":{"Szacowany czas czytania":"3 minuty"},"schema":{"@context":"https:\/\/schema.org","@graph":[{"@type":"WebPage","@id":"https:\/\/www.24gliwice.pl\/wiadomosci\/patronaty\/","url":"https:\/\/www.24gliwice.pl\/wiadomosci\/patronaty\/","name":"Patronaty - 24GLIWICE - Portal Gliwice | codziennie nowe informacje","isPartOf":{"@id":"https:\/\/www.24gliwice.pl\/wiadomosci\/#website"},"primaryImageOfPage":{"@id":"https:\/\/www.24gliwice.pl\/wiadomosci\/patronaty\/#primaryimage"},"image":{"@id":"https:\/\/www.24gliwice.pl\/wiadomosci\/patronaty\/#primaryimage"},"thumbnailUrl":"https:\/\/www.24gliwice.pl\/wiadomosci\/wp-content\/uploads\/2016\/11\/redakcja.jpg","datePublished":"2016-11-30T19:53:03+00:00","dateModified":"2024-09-26T16:06:28+00:00","breadcrumb":{"@id":"https:\/\/www.24gliwice.pl\/wiadomosci\/patronaty\/#breadcrumb"},"inLanguage":"pl-PL","potentialAction":[{"@type":"ReadAction","target":["https:\/\/www.24gliwice.pl\/wiadomosci\/patronaty\/"]}]},{"@type":"ImageObject","inLanguage":"pl-PL","@id":"https:\/\/www.24gliwice.pl\/wiadomosci\/patronaty\/#primaryimage","url":"https:\/\/www.24gliwice.pl\/wiadomosci\/wp-content\/uploads\/2016\/11\/redakcja.jpg","contentUrl":"https:\/\/www.24gliwice.pl\/wiadomosci\/wp-content\/uploads\/2016\/11\/redakcja.jpg","width":810,"height":213},{"@type":"BreadcrumbList","@id":"https:\/\/www.24gliwice.pl\/wiadomosci\/patronaty\/#breadcrumb","itemListElement":[{"@type":"ListItem","position":1,"name":"Strona g\u0142\u00f3wna","item":"https:\/\/www.24gliwice.pl\/wiadomosci\/"},{"@type":"ListItem","position":2,"name":"Patronaty"}]},{"@type":"WebSite","@id":"https:\/\/www.24gliwice.pl\/wiadomosci\/#website","url":"https:\/\/www.24gliwice.pl\/wiadomosci\/","name":"24GLIWICE - Portal Gliwice | codziennie nowe wiadomo\u015bci","description":"Portal Miejski Gliwice","publisher":{"@id":"https:\/\/www.24gliwice.pl\/wiadomosci\/#organization"},"potentialAction":[{"@type":"SearchAction","target":{"@type":"EntryPoint","urlTemplate":"https:\/\/www.24gliwice.pl\/wiadomosci\/?s={search_term_string}"},"query-input":{"@type":"PropertyValueSpecification","valueRequired":true,"valueName":"search_term_string"}}],"inLanguage":"pl-PL"},{"@type":"Organization","@id":"https:\/\/www.24gliwice.pl\/wiadomosci\/#organization","name":"24gliwice","url":"https:\/\/www.24gliwice.pl\/wiadomosci\/","logo":{"@type":"ImageObject","inLanguage":"pl-PL","@id":"https:\/\/www.24gliwice.pl\/wiadomosci\/#\/schema\/logo\/image\/","url":"https:\/\/www.24gliwice.pl\/wiadomosci\/wp-content\/uploads\/2024\/10\/24gliwice-logo-696.jpg","contentUrl":"https:\/\/www.24gliwice.pl\/wiadomosci\/wp-content\/uploads\/2024\/10\/24gliwice-logo-696.jpg","width":696,"height":696,"caption":"24gliwice"},"image":{"@id":"https:\/\/www.24gliwice.pl\/wiadomosci\/#\/schema\/logo\/image\/"},"sameAs":["https:\/\/www.facebook.com\/24gliwice","https:\/\/x.com\/24gliwice","https:\/\/www.youtube.com\/@24gliwice"]}]}},"_links":{"self":[{"href":"https:\/\/www.24gliwice.pl\/wiadomosci\/wp-json\/wp\/v2\/pages\/90898","targetHints":{"allow":["GET"]}}],"collection":[{"href":"https:\/\/www.24gliwice.pl\/wiadomosci\/wp-json\/wp\/v2\/pages"}],"about":[{"href":"https:\/\/www.24gliwice.pl\/wiadomosci\/wp-json\/wp\/v2\/types\/page"}],"author":[{"embeddable":true,"href":"https:\/\/www.24gliwice.pl\/wiadomosci\/wp-json\/wp\/v2\/users\/4"}],"replies":[{"embeddable":true,"href":"https:\/\/www.24gliwice.pl\/wiadomosci\/wp-json\/wp\/v2\/comments?post=90898"}],"version-history":[{"count":0,"href":"https:\/\/www.24gliwice.pl\/wiadomosci\/wp-json\/wp\/v2\/pages\/90898\/revisions"}],"wp:featuredmedia":[{"embeddable":true,"href":"https:\/\/www.24gliwice.pl\/wiadomosci\/wp-json\/wp\/v2\/media\/90724"}],"wp:attachment":[{"href":"https:\/\/www.24gliwice.pl\/wiadomosci\/wp-json\/wp\/v2\/media?parent=90898"}],"curies":[{"name":"wp","href":"https:\/\/api.w.org\/{rel}","templated":true}]}}